{"id":128,"date":"2016-08-07T07:58:19","date_gmt":"2016-08-07T06:58:19","guid":{"rendered":"http:\/\/feconsultancy.com\/?page_id=128"},"modified":"2025-11-09T00:59:09","modified_gmt":"2025-11-08T23:59:09","slug":"conseils","status":"publish","type":"page","link":"https:\/\/www.feconsultancy.com\/index.php\/conseils\/","title":{"rendered":"Conseils en Qualit\u00e9, S\u00e9curit\u00e9 et Environnement QSE"},"content":{"rendered":"<p>&nbsp;<\/p>\n<p><strong>Free Engineering Consultancy (FEC)<\/strong> est un Cabinet agr\u00e9\u00e9 par les Minist\u00e8re de l\u2019Emploi et la Formation Professionnelle (MINEFOP) &amp; le Minist\u00e8re des Mines, de l\u2019Industrie et du D\u00e9veloppement Technologique (MINMIDT) Sp\u00e9cialis\u00e9 dans les domaines d\u2019expertise en Conseil, Formation et Assistance Technique en Qualit\u00e9, S\u00e9curit\u00e9 et Environnement (QSE)<\/p>\n<p><strong>OBJET DE LA PRESTATION<\/strong><\/p>\n<p>Notre mission est d\u2019apporter une expertise technique et strat\u00e9gique pour garantir la conformit\u00e9 r\u00e9glementaire, la performance durable et la comp\u00e9tence des collaborateurs dans les organisations que nous accompagnons.<\/p>\n<ul>\n<li>Diagnostic initial QSE<\/li>\n<li>\u00c9laboration de politiques et objectifs QSE<\/li>\n<li>Mise en place de proc\u00e9dures et outils de suivi<\/li>\n<li>Accompagnement \u00e0 la certification<\/li>\n<li>R\u00e9alisation d\u2019audits internes et de conformit\u00e9 r\u00e9glementaire<\/li>\n<li>R\u00e9alisation de la Cartographie des Risques Sp\u00e9cifiques HSE en Entreprise<\/li>\n<\/ul>\n<p>&nbsp;<\/p>\n<p><img loading=\"lazy\" decoding=\"async\" class=\"alignnone size-medium wp-image-511\" src=\"https:\/\/www.feconsultancy.com\/wp-content\/uploads\/2025\/11\/image010-300x180.png\" alt=\"\" width=\"300\" height=\"180\" srcset=\"https:\/\/www.feconsultancy.com\/wp-content\/uploads\/2025\/11\/image010-300x180.png 300w, https:\/\/www.feconsultancy.com\/wp-content\/uploads\/2025\/11\/image010-768x461.png 768w, https:\/\/www.feconsultancy.com\/wp-content\/uploads\/2025\/11\/image010-705x423.png 705w, https:\/\/www.feconsultancy.com\/wp-content\/uploads\/2025\/11\/image010.png 900w\" sizes=\"auto, (max-width: 300px) 100vw, 300px\" \/> <img loading=\"lazy\" decoding=\"async\" class=\"alignnone size-medium wp-image-512\" src=\"https:\/\/www.feconsultancy.com\/wp-content\/uploads\/2025\/11\/qhse-780x300-1-300x115.png\" alt=\"\" width=\"300\" height=\"115\" srcset=\"https:\/\/www.feconsultancy.com\/wp-content\/uploads\/2025\/11\/qhse-780x300-1-300x115.png 300w, https:\/\/www.feconsultancy.com\/wp-content\/uploads\/2025\/11\/qhse-780x300-1-768x295.png 768w, https:\/\/www.feconsultancy.com\/wp-content\/uploads\/2025\/11\/qhse-780x300-1-705x271.png 705w, https:\/\/www.feconsultancy.com\/wp-content\/uploads\/2025\/11\/qhse-780x300-1.png 780w\" sizes=\"auto, (max-width: 300px) 100vw, 300px\" \/> <img loading=\"lazy\" decoding=\"async\" class=\"alignnone size-medium wp-image-513\" src=\"https:\/\/www.feconsultancy.com\/wp-content\/uploads\/2025\/11\/1597433918409-300x167.png\" alt=\"\" width=\"300\" height=\"167\" srcset=\"https:\/\/www.feconsultancy.com\/wp-content\/uploads\/2025\/11\/1597433918409-300x167.png 300w, https:\/\/www.feconsultancy.com\/wp-content\/uploads\/2025\/11\/1597433918409.png 601w\" sizes=\"auto, (max-width: 300px) 100vw, 300px\" \/> <img loading=\"lazy\" decoding=\"async\" class=\"alignnone size-medium wp-image-514\" src=\"https:\/\/www.feconsultancy.com\/wp-content\/uploads\/2025\/11\/cartographie-des-risques-880x300-1-300x102.jpg\" alt=\"\" width=\"300\" height=\"102\" srcset=\"https:\/\/www.feconsultancy.com\/wp-content\/uploads\/2025\/11\/cartographie-des-risques-880x300-1-300x102.jpg 300w, https:\/\/www.feconsultancy.com\/wp-content\/uploads\/2025\/11\/cartographie-des-risques-880x300-1-768x262.jpg 768w, https:\/\/www.feconsultancy.com\/wp-content\/uploads\/2025\/11\/cartographie-des-risques-880x300-1-705x240.jpg 705w, https:\/\/www.feconsultancy.com\/wp-content\/uploads\/2025\/11\/cartographie-des-risques-880x300-1.jpg 880w\" sizes=\"auto, (max-width: 300px) 100vw, 300px\" \/><\/p>\n","protected":false},"excerpt":{"rendered":"<p>&nbsp; Free Engineering Consultancy (FEC) est un Cabinet agr\u00e9\u00e9 par les Minist\u00e8re de l\u2019Emploi et la Formation Professionnelle (MINEFOP) &amp; le Minist\u00e8re des Mines, de l\u2019Industrie et du D\u00e9veloppement Technologique (MINMIDT) Sp\u00e9cialis\u00e9 dans les domaines d\u2019expertise en Conseil, Formation et Assistance Technique en Qualit\u00e9, S\u00e9curit\u00e9 et Environnement (QSE) OBJET DE LA PRESTATION Notre mission est [&hellip;]<\/p>\n","protected":false},"author":1,"featured_media":0,"parent":0,"menu_order":0,"comment_status":"closed","ping_status":"closed","template":"","meta":{"footnotes":""},"class_list":["post-128","page","type-page","status-publish","hentry"],"yoast_head":"<!-- This site is optimized with the Yoast SEO plugin v27.4 - https:\/\/yoast.com\/product\/yoast-seo-wordpress\/ -->\n<title>Conseils en Qualit\u00e9, S\u00e9curit\u00e9 et Environnement QSE - Free Engineering Consultancy<\/title>\n<meta name=\"robots\" content=\"index, follow, max-snippet:-1, max-image-preview:large, max-video-preview:-1\" \/>\n<link rel=\"canonical\" href=\"https:\/\/www.feconsultancy.com\/index.php\/conseils\/\" \/>\n<meta property=\"og:locale\" content=\"fr_FR\" \/>\n<meta property=\"og:type\" content=\"article\" \/>\n<meta property=\"og:title\" content=\"Conseils en Qualit\u00e9, S\u00e9curit\u00e9 et Environnement QSE - Free Engineering Consultancy\" \/>\n<meta property=\"og:description\" content=\"&nbsp; Free Engineering Consultancy (FEC) est un Cabinet agr\u00e9\u00e9 par les Minist\u00e8re de l\u2019Emploi et la Formation Professionnelle (MINEFOP) &amp; le Minist\u00e8re des Mines, de l\u2019Industrie et du D\u00e9veloppement Technologique (MINMIDT) Sp\u00e9cialis\u00e9 dans les domaines d\u2019expertise en Conseil, Formation et Assistance Technique en Qualit\u00e9, S\u00e9curit\u00e9 et Environnement (QSE) OBJET DE LA PRESTATION Notre mission est [&hellip;]\" \/>\n<meta property=\"og:url\" content=\"https:\/\/www.feconsultancy.com\/index.php\/conseils\/\" \/>\n<meta property=\"og:site_name\" content=\"Free Engineering Consultancy\" \/>\n<meta property=\"article:publisher\" content=\"https:\/\/www.facebook.com\/freengineeringconsultancy\/?fref=ts\" \/>\n<meta property=\"article:modified_time\" content=\"2025-11-08T23:59:09+00:00\" \/>\n<meta property=\"og:image\" content=\"https:\/\/www.feconsultancy.com\/wp-content\/uploads\/2025\/11\/image010.png\" \/>\n\t<meta property=\"og:image:width\" content=\"900\" \/>\n\t<meta property=\"og:image:height\" content=\"540\" \/>\n\t<meta property=\"og:image:type\" content=\"image\/png\" \/>\n<meta name=\"twitter:card\" content=\"summary_large_image\" \/>\n<meta name=\"twitter:label1\" content=\"Dur\u00e9e de lecture estim\u00e9e\" \/>\n\t<meta name=\"twitter:data1\" content=\"1 minute\" \/>\n<script type=\"application\/ld+json\" class=\"yoast-schema-graph\">{\"@context\":\"https:\\\/\\\/schema.org\",\"@graph\":[{\"@type\":\"WebPage\",\"@id\":\"https:\\\/\\\/www.feconsultancy.com\\\/index.php\\\/conseils\\\/\",\"url\":\"https:\\\/\\\/www.feconsultancy.com\\\/index.php\\\/conseils\\\/\",\"name\":\"Conseils en Qualit\u00e9, S\u00e9curit\u00e9 et Environnement QSE - Free Engineering Consultancy\",\"isPartOf\":{\"@id\":\"https:\\\/\\\/www.feconsultancy.com\\\/#website\"},\"primaryImageOfPage\":{\"@id\":\"https:\\\/\\\/www.feconsultancy.com\\\/index.php\\\/conseils\\\/#primaryimage\"},\"image\":{\"@id\":\"https:\\\/\\\/www.feconsultancy.com\\\/index.php\\\/conseils\\\/#primaryimage\"},\"thumbnailUrl\":\"https:\\\/\\\/www.feconsultancy.com\\\/wp-content\\\/uploads\\\/2025\\\/11\\\/image010-300x180.png\",\"datePublished\":\"2016-08-07T06:58:19+00:00\",\"dateModified\":\"2025-11-08T23:59:09+00:00\",\"breadcrumb\":{\"@id\":\"https:\\\/\\\/www.feconsultancy.com\\\/index.php\\\/conseils\\\/#breadcrumb\"},\"inLanguage\":\"fr-FR\",\"potentialAction\":[{\"@type\":\"ReadAction\",\"target\":[\"https:\\\/\\\/www.feconsultancy.com\\\/index.php\\\/conseils\\\/\"]}]},{\"@type\":\"ImageObject\",\"inLanguage\":\"fr-FR\",\"@id\":\"https:\\\/\\\/www.feconsultancy.com\\\/index.php\\\/conseils\\\/#primaryimage\",\"url\":\"https:\\\/\\\/www.feconsultancy.com\\\/wp-content\\\/uploads\\\/2025\\\/11\\\/image010.png\",\"contentUrl\":\"https:\\\/\\\/www.feconsultancy.com\\\/wp-content\\\/uploads\\\/2025\\\/11\\\/image010.png\",\"width\":900,\"height\":540},{\"@type\":\"BreadcrumbList\",\"@id\":\"https:\\\/\\\/www.feconsultancy.com\\\/index.php\\\/conseils\\\/#breadcrumb\",\"itemListElement\":[{\"@type\":\"ListItem\",\"position\":1,\"name\":\"Accueil\",\"item\":\"https:\\\/\\\/www.feconsultancy.com\\\/index.php\\\/accueil\\\/\"},{\"@type\":\"ListItem\",\"position\":2,\"name\":\"Conseils en Qualit\u00e9, S\u00e9curit\u00e9 et Environnement QSE\"}]},{\"@type\":\"WebSite\",\"@id\":\"https:\\\/\\\/www.feconsultancy.com\\\/#website\",\"url\":\"https:\\\/\\\/www.feconsultancy.com\\\/\",\"name\":\"Free Engineering Consultancy\",\"description\":\"Conseil, la Formation et l\u2019Assistance Technique en Qualit\u00e9, S\u00e9curit\u00e9 &amp; Environnement\",\"potentialAction\":[{\"@type\":\"SearchAction\",\"target\":{\"@type\":\"EntryPoint\",\"urlTemplate\":\"https:\\\/\\\/www.feconsultancy.com\\\/?s={search_term_string}\"},\"query-input\":{\"@type\":\"PropertyValueSpecification\",\"valueRequired\":true,\"valueName\":\"search_term_string\"}}],\"inLanguage\":\"fr-FR\"}]}<\/script>\n<!-- \/ Yoast SEO plugin. -->","yoast_head_json":{"title":"Conseils en Qualit\u00e9, S\u00e9curit\u00e9 et Environnement QSE - Free Engineering Consultancy","robots":{"index":"index","follow":"follow","max-snippet":"max-snippet:-1","max-image-preview":"max-image-preview:large","max-video-preview":"max-video-preview:-1"},"canonical":"https:\/\/www.feconsultancy.com\/index.php\/conseils\/","og_locale":"fr_FR","og_type":"article","og_title":"Conseils en Qualit\u00e9, S\u00e9curit\u00e9 et Environnement QSE - Free Engineering Consultancy","og_description":"&nbsp; Free Engineering Consultancy (FEC) est un Cabinet agr\u00e9\u00e9 par les Minist\u00e8re de l\u2019Emploi et la Formation Professionnelle (MINEFOP) &amp; le Minist\u00e8re des Mines, de l\u2019Industrie et du D\u00e9veloppement Technologique (MINMIDT) Sp\u00e9cialis\u00e9 dans les domaines d\u2019expertise en Conseil, Formation et Assistance Technique en Qualit\u00e9, S\u00e9curit\u00e9 et Environnement (QSE) OBJET DE LA PRESTATION Notre mission est [&hellip;]","og_url":"https:\/\/www.feconsultancy.com\/index.php\/conseils\/","og_site_name":"Free Engineering Consultancy","article_publisher":"https:\/\/www.facebook.com\/freengineeringconsultancy\/?fref=ts","article_modified_time":"2025-11-08T23:59:09+00:00","og_image":[{"width":900,"height":540,"url":"https:\/\/www.feconsultancy.com\/wp-content\/uploads\/2025\/11\/image010.png","type":"image\/png"}],"twitter_card":"summary_large_image","twitter_misc":{"Dur\u00e9e de lecture estim\u00e9e":"1 minute"},"schema":{"@context":"https:\/\/schema.org","@graph":[{"@type":"WebPage","@id":"https:\/\/www.feconsultancy.com\/index.php\/conseils\/","url":"https:\/\/www.feconsultancy.com\/index.php\/conseils\/","name":"Conseils en Qualit\u00e9, S\u00e9curit\u00e9 et Environnement QSE - Free Engineering Consultancy","isPartOf":{"@id":"https:\/\/www.feconsultancy.com\/#website"},"primaryImageOfPage":{"@id":"https:\/\/www.feconsultancy.com\/index.php\/conseils\/#primaryimage"},"image":{"@id":"https:\/\/www.feconsultancy.com\/index.php\/conseils\/#primaryimage"},"thumbnailUrl":"https:\/\/www.feconsultancy.com\/wp-content\/uploads\/2025\/11\/image010-300x180.png","datePublished":"2016-08-07T06:58:19+00:00","dateModified":"2025-11-08T23:59:09+00:00","breadcrumb":{"@id":"https:\/\/www.feconsultancy.com\/index.php\/conseils\/#breadcrumb"},"inLanguage":"fr-FR","potentialAction":[{"@type":"ReadAction","target":["https:\/\/www.feconsultancy.com\/index.php\/conseils\/"]}]},{"@type":"ImageObject","inLanguage":"fr-FR","@id":"https:\/\/www.feconsultancy.com\/index.php\/conseils\/#primaryimage","url":"https:\/\/www.feconsultancy.com\/wp-content\/uploads\/2025\/11\/image010.png","contentUrl":"https:\/\/www.feconsultancy.com\/wp-content\/uploads\/2025\/11\/image010.png","width":900,"height":540},{"@type":"BreadcrumbList","@id":"https:\/\/www.feconsultancy.com\/index.php\/conseils\/#breadcrumb","itemListElement":[{"@type":"ListItem","position":1,"name":"Accueil","item":"https:\/\/www.feconsultancy.com\/index.php\/accueil\/"},{"@type":"ListItem","position":2,"name":"Conseils en Qualit\u00e9, S\u00e9curit\u00e9 et Environnement QSE"}]},{"@type":"WebSite","@id":"https:\/\/www.feconsultancy.com\/#website","url":"https:\/\/www.feconsultancy.com\/","name":"Free Engineering Consultancy","description":"Conseil, la Formation et l\u2019Assistance Technique en Qualit\u00e9, S\u00e9curit\u00e9 &amp; Environnement","potentialAction":[{"@type":"SearchAction","target":{"@type":"EntryPoint","urlTemplate":"https:\/\/www.feconsultancy.com\/?s={search_term_string}"},"query-input":{"@type":"PropertyValueSpecification","valueRequired":true,"valueName":"search_term_string"}}],"inLanguage":"fr-FR"}]}},"_links":{"self":[{"href":"https:\/\/www.feconsultancy.com\/index.php\/wp-json\/wp\/v2\/pages\/128","targetHints":{"allow":["GET"]}}],"collection":[{"href":"https:\/\/www.feconsultancy.com\/index.php\/wp-json\/wp\/v2\/pages"}],"about":[{"href":"https:\/\/www.feconsultancy.com\/index.php\/wp-json\/wp\/v2\/types\/page"}],"author":[{"embeddable":true,"href":"https:\/\/www.feconsultancy.com\/index.php\/wp-json\/wp\/v2\/users\/1"}],"replies":[{"embeddable":true,"href":"https:\/\/www.feconsultancy.com\/index.php\/wp-json\/wp\/v2\/comments?post=128"}],"version-history":[{"count":6,"href":"https:\/\/www.feconsultancy.com\/index.php\/wp-json\/wp\/v2\/pages\/128\/revisions"}],"predecessor-version":[{"id":533,"href":"https:\/\/www.feconsultancy.com\/index.php\/wp-json\/wp\/v2\/pages\/128\/revisions\/533"}],"wp:attachment":[{"href":"https:\/\/www.feconsultancy.com\/index.php\/wp-json\/wp\/v2\/media?parent=128"}],"curies":[{"name":"wp","href":"https:\/\/api.w.org\/{rel}","templated":true}]}}