{"id":136,"date":"2016-08-07T08:04:02","date_gmt":"2016-08-07T07:04:02","guid":{"rendered":"http:\/\/feconsultancy.com\/?page_id=136"},"modified":"2016-08-07T08:04:02","modified_gmt":"2016-08-07T07:04:02","slug":"thematiques-sante-securite-au-travail-sms","status":"publish","type":"page","link":"https:\/\/www.feconsultancy.com\/index.php\/thematiques-sante-securite-au-travail-sms\/","title":{"rendered":"Th\u00e9matiques Sant\u00e9 &#038; S\u00e9curit\u00e9 au Travail (SMS)"},"content":{"rendered":"<p><strong>PROGRAMME DE FORMATION &amp; SENSIBILISATION EN SYSTEME DE MANAGEMENT S\u00c9CURIT\u00c9 SMS<\/strong><\/p>\n<p><strong>\u00a0<\/strong><\/p>\n<table width=\"100%\">\n<tbody>\n<tr>\n<td width=\"59\"><strong>Ref<\/strong><\/td>\n<td width=\"206\"><strong>Themes<\/strong><\/td>\n<td width=\"50\"><strong>Ref<\/strong><\/td>\n<td width=\"230\"><strong>Themes<\/strong><\/td>\n<\/tr>\n<tr>\n<td width=\"59\">SMS01<\/td>\n<td width=\"206\"><strong>Affichages et Signalisation des Risques en Sant\u00e9 &amp; S\u00e9curit\u00e9 au Travail <\/strong><\/td>\n<td width=\"50\">SMS02<\/td>\n<td width=\"230\"><strong>Causes et Pr\u00e9vention des Incidents &amp; Accidents en Milieu Professionnel<\/strong><\/td>\n<\/tr>\n<tr>\n<td width=\"59\">SMS03<\/td>\n<td width=\"206\"><strong>Identification et Rapport des Situations Dangereuses<\/strong><\/td>\n<td width=\"50\">SMS04<\/td>\n<td width=\"230\"><strong>Droits et Obligations de l\u2019employ\u00e9\u00a0en Sant\u00e9 et S\u00e9curit\u00e9 sur le Lieu de Travail\u00a0<\/strong><\/td>\n<\/tr>\n<tr>\n<td width=\"59\">SMS05<\/td>\n<td width=\"206\"><strong>Equipement de Protection Individuel (EPI)<\/strong><\/td>\n<td width=\"50\">SMS06<\/td>\n<td width=\"230\"><strong>Introduction aux Notions <\/strong><strong>d\u2019Ergonomie au Poste de Travail<\/strong><\/td>\n<\/tr>\n<tr>\n<td width=\"59\">SMS07<\/td>\n<td width=\"206\"><strong>Fiches de Donn\u00e9es de S\u00e9curit\u00e9\u00a0\u2013 FDS \u00abMaterial Safety Data Sheet \u2013 MSDS\u00bb <\/strong><\/td>\n<td width=\"50\">SMS08<\/td>\n<td width=\"230\"><strong>Pr\u00e9vention des Risques Li\u00e9s aux Activit\u00e9s Physiques (PRAP) \u2013 Gestes &amp; Postures <\/strong><\/td>\n<\/tr>\n<tr>\n<td width=\"59\">SMS09<\/td>\n<td width=\"206\"><strong>Notions d\u2019Hygi\u00e8ne Industrielle<\/strong><\/td>\n<td width=\"50\">SMS10<\/td>\n<td width=\"230\"><strong>Intervention en cas de D\u00e9versement de Mati\u00e8res Dangereux <\/strong><\/td>\n<\/tr>\n<tr>\n<td width=\"59\">SMS11<\/td>\n<td width=\"206\"><strong>Glissades, Tr\u00e9buchements et<\/strong><strong> Chutes<\/strong><\/td>\n<td width=\"50\">SMS12<\/td>\n<td width=\"230\"><strong>Induction et Orientation en Sant\u00e9 &amp; S\u00e9curit\u00e9 au Travail pour nouveaux employ\u00e9s <\/strong><\/td>\n<\/tr>\n<tr>\n<td width=\"59\">SMS13<\/td>\n<td width=\"206\"><strong>Pr\u00e9paration et R\u00e9ponse aux Situations d\u2019Urgence \u2013 (PRSU)<\/strong><\/td>\n<td width=\"50\">SMS14<\/td>\n<td width=\"230\"><strong>Risques Chimiques en milieu professionnels <\/strong><\/td>\n<\/tr>\n<tr>\n<td width=\"59\">SMS15<\/td>\n<td width=\"206\"><strong>Sant\u00e9 et S\u00e9curit\u00e9 dans les Bureaux <\/strong><\/td>\n<td width=\"50\">SMS16<\/td>\n<td width=\"230\"><strong>Propret\u00e9 et Ordre sur le Lieu de Travail<\/strong><\/td>\n<\/tr>\n<tr>\n<td width=\"59\">SMS17<\/td>\n<td width=\"206\"><strong>Pr\u00e9vention des Chutes Travaux en Hauteur <\/strong><\/td>\n<td width=\"50\">SMS18<\/td>\n<td width=\"230\"><strong>Risques<\/strong> <strong>Electrique<\/strong><\/td>\n<\/tr>\n<tr>\n<td width=\"59\">SMS19<\/td>\n<td width=\"206\"><strong>Protection des Yeux et de la Face<\/strong><\/td>\n<td width=\"50\">SMS20<\/td>\n<td width=\"230\"><strong>Enqu\u00eate, Analyse et Rapport des Incidents &amp; Accidents (Arbre des Causes)<\/strong><\/td>\n<\/tr>\n<tr>\n<td width=\"59\">SMS21<\/td>\n<td width=\"206\"><strong>R\u00e9union Sant\u00e9 et S\u00e9curit\u00e9 au Travail<\/strong><\/td>\n<td width=\"50\">SMS22<\/td>\n<td width=\"230\"><strong>Pr\u00e9vention des blessures aux doigts et aux mains<\/strong><\/td>\n<\/tr>\n<tr>\n<td width=\"59\">SMS23<\/td>\n<td width=\"206\"><strong>Sauvetage &amp; Secourisme du Travail SST<\/strong><\/td>\n<td width=\"50\">SMS24<\/td>\n<td width=\"230\"><strong>Utilisation S\u00e9curitaire des Outils Manuels<\/strong><\/td>\n<\/tr>\n<tr>\n<td width=\"59\">SMS25<\/td>\n<td width=\"206\"><strong>Utilisation<\/strong><strong> des <\/strong><strong>Extincteurs<\/strong> <strong>Portatifs<\/strong><\/td>\n<td width=\"50\">SMS26<\/td>\n<td width=\"230\"><strong>Utilisation des Outils Pneumatiques et Electriques <\/strong><\/td>\n<\/tr>\n<tr>\n<td width=\"59\">SMS27<\/td>\n<td width=\"206\"><strong>Utilisation<\/strong> <strong>S\u00e9curitaire<\/strong><strong> des <\/strong><strong>Elingues<\/strong><\/td>\n<td width=\"50\">SMS28<\/td>\n<td width=\"230\"><strong>Grue Mobile \u2013 CACES Recommandations R383<\/strong><strong> Formation et Habilitation<\/strong><\/td>\n<\/tr>\n<tr>\n<td width=\"59\">SMS29<\/td>\n<td width=\"206\"><strong>Chariots El\u00e9vateurs \u2013 CACES R389 Formation et Habilitation<\/strong><\/td>\n<td width=\"50\">SMS30<\/td>\n<td width=\"230\"><strong>Utilisation s\u00e9curitaire des ponts roulants<\/strong><\/td>\n<\/tr>\n<tr>\n<td width=\"59\">SMS31<\/td>\n<td width=\"206\"><strong>Utilisation s\u00e9curitaire des Echelles et des Escabeaux <\/strong><\/td>\n<td width=\"50\">SMS32<\/td>\n<td width=\"230\"><strong>Utilisation s\u00e9curitaire des plates-formes \u00e9l\u00e9vatrices mobiles de personnes (PEMP)<\/strong><\/td>\n<\/tr>\n<tr>\n<td width=\"59\">SMS33<\/td>\n<td width=\"206\"><strong>Utilisation s\u00e9curitaire des gaz comprim\u00e9s <\/strong><\/td>\n<td width=\"50\">SMS34<\/td>\n<td width=\"230\"><strong>Transport des mati\u00e8res dangereuses (TMD)<\/strong><\/td>\n<\/tr>\n<tr>\n<td width=\"59\">SMS35<\/td>\n<td width=\"206\"><strong>Loi et r\u00e9glementation Locale en Sant\u00e9 et S\u00e9curit\u00e9 au Travail <\/strong><\/td>\n<td width=\"50\">SMS36<\/td>\n<td width=\"230\"><strong>Inspection pr\u00e9ventive<\/strong><strong> du Lieu de Travail<\/strong><\/td>\n<\/tr>\n<tr>\n<td width=\"59\">SMS37<\/td>\n<td width=\"206\"><strong>Evaluation des <\/strong><strong>Risque<\/strong> <strong>Professionnels<\/strong><strong> (EvRP)<\/strong><\/td>\n<td width=\"50\">SMS38<\/td>\n<td width=\"230\"><strong>Analyse S\u00e9curitaire des T\u00e2ches (Job Safety Analysis \u2013 JSA)<\/strong><\/td>\n<\/tr>\n<tr>\n<td width=\"59\">SMS39<\/td>\n<td width=\"206\"><strong>Protection <\/strong><strong>Respiratoire<\/strong><\/td>\n<td width=\"50\">SMS40<\/td>\n<td width=\"230\"><strong>Travail S\u00e9curitaire en Espace Clos<\/strong><\/td>\n<\/tr>\n<tr>\n<td width=\"59\">SMS41<\/td>\n<td width=\"206\"><strong>Proc\u00e9dure<\/strong><strong> de <\/strong><strong>Cadenassage<\/strong><\/td>\n<td width=\"50\">SMS42<\/td>\n<td width=\"230\"><strong>Bruit et Nuisances <\/strong><strong>Sonores<\/strong><\/td>\n<\/tr>\n<tr>\n<td width=\"59\">SMS43<\/td>\n<td width=\"206\"><strong>S\u00e9curit\u00e9 des machines : analyse du risque et r\u00e9duction du risque <\/strong><\/td>\n<td width=\"50\">SMS44<\/td>\n<td width=\"230\"><strong>Sant\u00e9 et S\u00e9curit\u00e9 en H\u00f4tellerie et Restauration <\/strong><\/td>\n<\/tr>\n<tr>\n<td width=\"59\">SMS45<\/td>\n<td width=\"206\"><strong>Risques Travaux<\/strong><strong> de <\/strong><strong>Soudure<\/strong><\/td>\n<td width=\"50\">SMS46<\/td>\n<td width=\"230\"><strong>Tranch\u00e9es<\/strong><strong> et Excavations <\/strong><\/td>\n<\/tr>\n<tr>\n<td width=\"59\">SMS47<\/td>\n<td width=\"206\"><strong>Montage et D\u00e9montage s\u00e9curitaire<\/strong><strong> des <\/strong><strong>Echafaudages<\/strong><\/td>\n<td width=\"50\">SMS48<\/td>\n<td width=\"230\"><strong>V\u00e9rification et R\u00e9ception des Echafaudages<\/strong><\/td>\n<\/tr>\n<tr>\n<td width=\"59\">SMS49<\/td>\n<td width=\"206\"><strong>Risques<\/strong><strong> Physiques<\/strong><\/td>\n<td width=\"50\">SMS50<\/td>\n<td width=\"230\"><strong>Protection et Gestion de l\u2019Environnement <\/strong><\/td>\n<\/tr>\n<tr>\n<td width=\"59\">SMS51<\/td>\n<td width=\"206\"><strong>Risques<\/strong> <strong>Biologiques<\/strong><\/td>\n<td width=\"50\">SMS52<\/td>\n<td width=\"230\"><strong>Sensibilisation en Radioprotection<\/strong><\/td>\n<\/tr>\n<tr>\n<td width=\"59\">SMS53<\/td>\n<td width=\"206\"><strong>Conduite Pr\u00e9ventive \/ D\u00e9fensive des V\u00e9hicules L\u00e9gers<\/strong><\/td>\n<td width=\"50\">SMS54<\/td>\n<td width=\"230\"><strong>Conduite Pr\u00e9ventive \/ D\u00e9fensive des Poids Lourds<\/strong><\/td>\n<\/tr>\n<tr>\n<td width=\"59\">SMS55<\/td>\n<td width=\"206\"><strong>Mieux Agir au sein des Comites de Sant\u00e9 et S\u00e9curit\u00e9 au Travail \u2013 (CSST)<\/strong><\/td>\n<td width=\"50\">SMS56<\/td>\n<td width=\"230\"><strong>Gestion de la Sant\u00e9 et S\u00e9curit\u00e9 au Travail pour Gestionnaires et Superviseurs<\/strong><\/td>\n<\/tr>\n<tr>\n<td width=\"59\">SMS57<\/td>\n<td width=\"206\"><strong>Pr\u00e9paration a OHSAS 18001\u00a0:2007<\/strong><\/td>\n<td width=\"50\">SMS58<\/td>\n<td width=\"230\"><strong>Audit Interne OHSAS 18001<\/strong><\/td>\n<\/tr>\n<\/tbody>\n<\/table>\n<p><strong>\u00a0<\/strong><\/p>\n","protected":false},"excerpt":{"rendered":"<p>PROGRAMME DE FORMATION &amp; SENSIBILISATION EN SYSTEME DE MANAGEMENT S\u00c9CURIT\u00c9 SMS \u00a0 Ref Themes Ref Themes SMS01 Affichages et Signalisation des Risques en Sant\u00e9 &amp; S\u00e9curit\u00e9 au Travail SMS02 Causes et Pr\u00e9vention des Incidents &amp; Accidents en Milieu Professionnel SMS03 Identification et Rapport des Situations Dangereuses SMS04 Droits et Obligations de l\u2019employ\u00e9\u00a0en Sant\u00e9 et S\u00e9curit\u00e9 [&hellip;]<\/p>\n","protected":false},"author":1,"featured_media":0,"parent":0,"menu_order":0,"comment_status":"closed","ping_status":"closed","template":"","meta":{"footnotes":""},"class_list":["post-136","page","type-page","status-publish","hentry"],"yoast_head":"<!-- This site is optimized with the Yoast SEO plugin v27.4 - https:\/\/yoast.com\/product\/yoast-seo-wordpress\/ -->\n<title>Th\u00e9matiques Sant\u00e9 &amp; S\u00e9curit\u00e9 au Travail (SMS) - Free Engineering Consultancy<\/title>\n<meta name=\"robots\" content=\"index, follow, max-snippet:-1, max-image-preview:large, max-video-preview:-1\" \/>\n<link rel=\"canonical\" href=\"https:\/\/www.feconsultancy.com\/index.php\/thematiques-sante-securite-au-travail-sms\/\" \/>\n<meta property=\"og:locale\" content=\"fr_FR\" \/>\n<meta property=\"og:type\" content=\"article\" \/>\n<meta property=\"og:title\" content=\"Th\u00e9matiques Sant\u00e9 &amp; S\u00e9curit\u00e9 au Travail (SMS) - Free Engineering Consultancy\" \/>\n<meta property=\"og:description\" content=\"PROGRAMME DE FORMATION &amp; SENSIBILISATION EN SYSTEME DE MANAGEMENT S\u00c9CURIT\u00c9 SMS \u00a0 Ref Themes Ref Themes SMS01 Affichages et Signalisation des Risques en Sant\u00e9 &amp; S\u00e9curit\u00e9 au Travail SMS02 Causes et Pr\u00e9vention des Incidents &amp; Accidents en Milieu Professionnel SMS03 Identification et Rapport des Situations Dangereuses SMS04 Droits et Obligations de l\u2019employ\u00e9\u00a0en Sant\u00e9 et S\u00e9curit\u00e9 [&hellip;]\" \/>\n<meta property=\"og:url\" content=\"https:\/\/www.feconsultancy.com\/index.php\/thematiques-sante-securite-au-travail-sms\/\" \/>\n<meta property=\"og:site_name\" content=\"Free Engineering Consultancy\" \/>\n<meta property=\"article:publisher\" content=\"https:\/\/www.facebook.com\/freengineeringconsultancy\/?fref=ts\" \/>\n<meta name=\"twitter:card\" content=\"summary_large_image\" \/>\n<meta name=\"twitter:label1\" content=\"Dur\u00e9e de lecture estim\u00e9e\" \/>\n\t<meta name=\"twitter:data1\" content=\"3 minutes\" \/>\n<script type=\"application\/ld+json\" class=\"yoast-schema-graph\">{\"@context\":\"https:\\\/\\\/schema.org\",\"@graph\":[{\"@type\":\"WebPage\",\"@id\":\"https:\\\/\\\/www.feconsultancy.com\\\/index.php\\\/thematiques-sante-securite-au-travail-sms\\\/\",\"url\":\"https:\\\/\\\/www.feconsultancy.com\\\/index.php\\\/thematiques-sante-securite-au-travail-sms\\\/\",\"name\":\"Th\u00e9matiques Sant\u00e9 & S\u00e9curit\u00e9 au Travail (SMS) - Free Engineering Consultancy\",\"isPartOf\":{\"@id\":\"https:\\\/\\\/www.feconsultancy.com\\\/#website\"},\"datePublished\":\"2016-08-07T07:04:02+00:00\",\"breadcrumb\":{\"@id\":\"https:\\\/\\\/www.feconsultancy.com\\\/index.php\\\/thematiques-sante-securite-au-travail-sms\\\/#breadcrumb\"},\"inLanguage\":\"fr-FR\",\"potentialAction\":[{\"@type\":\"ReadAction\",\"target\":[\"https:\\\/\\\/www.feconsultancy.com\\\/index.php\\\/thematiques-sante-securite-au-travail-sms\\\/\"]}]},{\"@type\":\"BreadcrumbList\",\"@id\":\"https:\\\/\\\/www.feconsultancy.com\\\/index.php\\\/thematiques-sante-securite-au-travail-sms\\\/#breadcrumb\",\"itemListElement\":[{\"@type\":\"ListItem\",\"position\":1,\"name\":\"Accueil\",\"item\":\"https:\\\/\\\/www.feconsultancy.com\\\/index.php\\\/accueil\\\/\"},{\"@type\":\"ListItem\",\"position\":2,\"name\":\"Th\u00e9matiques Sant\u00e9 &#038; S\u00e9curit\u00e9 au Travail (SMS)\"}]},{\"@type\":\"WebSite\",\"@id\":\"https:\\\/\\\/www.feconsultancy.com\\\/#website\",\"url\":\"https:\\\/\\\/www.feconsultancy.com\\\/\",\"name\":\"Free Engineering Consultancy\",\"description\":\"Conseil, la Formation et l\u2019Assistance Technique en Qualit\u00e9, S\u00e9curit\u00e9 &amp; Environnement\",\"potentialAction\":[{\"@type\":\"SearchAction\",\"target\":{\"@type\":\"EntryPoint\",\"urlTemplate\":\"https:\\\/\\\/www.feconsultancy.com\\\/?s={search_term_string}\"},\"query-input\":{\"@type\":\"PropertyValueSpecification\",\"valueRequired\":true,\"valueName\":\"search_term_string\"}}],\"inLanguage\":\"fr-FR\"}]}<\/script>\n<!-- \/ Yoast SEO plugin. -->","yoast_head_json":{"title":"Th\u00e9matiques Sant\u00e9 & S\u00e9curit\u00e9 au Travail (SMS) - Free Engineering Consultancy","robots":{"index":"index","follow":"follow","max-snippet":"max-snippet:-1","max-image-preview":"max-image-preview:large","max-video-preview":"max-video-preview:-1"},"canonical":"https:\/\/www.feconsultancy.com\/index.php\/thematiques-sante-securite-au-travail-sms\/","og_locale":"fr_FR","og_type":"article","og_title":"Th\u00e9matiques Sant\u00e9 & S\u00e9curit\u00e9 au Travail (SMS) - Free Engineering Consultancy","og_description":"PROGRAMME DE FORMATION &amp; SENSIBILISATION EN SYSTEME DE MANAGEMENT S\u00c9CURIT\u00c9 SMS \u00a0 Ref Themes Ref Themes SMS01 Affichages et Signalisation des Risques en Sant\u00e9 &amp; S\u00e9curit\u00e9 au Travail SMS02 Causes et Pr\u00e9vention des Incidents &amp; Accidents en Milieu Professionnel SMS03 Identification et Rapport des Situations Dangereuses SMS04 Droits et Obligations de l\u2019employ\u00e9\u00a0en Sant\u00e9 et S\u00e9curit\u00e9 [&hellip;]","og_url":"https:\/\/www.feconsultancy.com\/index.php\/thematiques-sante-securite-au-travail-sms\/","og_site_name":"Free Engineering Consultancy","article_publisher":"https:\/\/www.facebook.com\/freengineeringconsultancy\/?fref=ts","twitter_card":"summary_large_image","twitter_misc":{"Dur\u00e9e de lecture estim\u00e9e":"3 minutes"},"schema":{"@context":"https:\/\/schema.org","@graph":[{"@type":"WebPage","@id":"https:\/\/www.feconsultancy.com\/index.php\/thematiques-sante-securite-au-travail-sms\/","url":"https:\/\/www.feconsultancy.com\/index.php\/thematiques-sante-securite-au-travail-sms\/","name":"Th\u00e9matiques Sant\u00e9 & S\u00e9curit\u00e9 au Travail (SMS) - Free Engineering Consultancy","isPartOf":{"@id":"https:\/\/www.feconsultancy.com\/#website"},"datePublished":"2016-08-07T07:04:02+00:00","breadcrumb":{"@id":"https:\/\/www.feconsultancy.com\/index.php\/thematiques-sante-securite-au-travail-sms\/#breadcrumb"},"inLanguage":"fr-FR","potentialAction":[{"@type":"ReadAction","target":["https:\/\/www.feconsultancy.com\/index.php\/thematiques-sante-securite-au-travail-sms\/"]}]},{"@type":"BreadcrumbList","@id":"https:\/\/www.feconsultancy.com\/index.php\/thematiques-sante-securite-au-travail-sms\/#breadcrumb","itemListElement":[{"@type":"ListItem","position":1,"name":"Accueil","item":"https:\/\/www.feconsultancy.com\/index.php\/accueil\/"},{"@type":"ListItem","position":2,"name":"Th\u00e9matiques Sant\u00e9 &#038; S\u00e9curit\u00e9 au Travail (SMS)"}]},{"@type":"WebSite","@id":"https:\/\/www.feconsultancy.com\/#website","url":"https:\/\/www.feconsultancy.com\/","name":"Free Engineering Consultancy","description":"Conseil, la Formation et l\u2019Assistance Technique en Qualit\u00e9, S\u00e9curit\u00e9 &amp; Environnement","potentialAction":[{"@type":"SearchAction","target":{"@type":"EntryPoint","urlTemplate":"https:\/\/www.feconsultancy.com\/?s={search_term_string}"},"query-input":{"@type":"PropertyValueSpecification","valueRequired":true,"valueName":"search_term_string"}}],"inLanguage":"fr-FR"}]}},"_links":{"self":[{"href":"https:\/\/www.feconsultancy.com\/index.php\/wp-json\/wp\/v2\/pages\/136","targetHints":{"allow":["GET"]}}],"collection":[{"href":"https:\/\/www.feconsultancy.com\/index.php\/wp-json\/wp\/v2\/pages"}],"about":[{"href":"https:\/\/www.feconsultancy.com\/index.php\/wp-json\/wp\/v2\/types\/page"}],"author":[{"embeddable":true,"href":"https:\/\/www.feconsultancy.com\/index.php\/wp-json\/wp\/v2\/users\/1"}],"replies":[{"embeddable":true,"href":"https:\/\/www.feconsultancy.com\/index.php\/wp-json\/wp\/v2\/comments?post=136"}],"version-history":[{"count":3,"href":"https:\/\/www.feconsultancy.com\/index.php\/wp-json\/wp\/v2\/pages\/136\/revisions"}],"predecessor-version":[{"id":518,"href":"https:\/\/www.feconsultancy.com\/index.php\/wp-json\/wp\/v2\/pages\/136\/revisions\/518"}],"wp:attachment":[{"href":"https:\/\/www.feconsultancy.com\/index.php\/wp-json\/wp\/v2\/media?parent=136"}],"curies":[{"name":"wp","href":"https:\/\/api.w.org\/{rel}","templated":true}]}}