{"id":139,"date":"2016-08-07T08:05:55","date_gmt":"2016-08-07T07:05:55","guid":{"rendered":"http:\/\/feconsultancy.com\/?page_id=139"},"modified":"2016-08-07T08:05:55","modified_gmt":"2016-08-07T07:05:55","slug":"thematiques-environnementales-sme","status":"publish","type":"page","link":"https:\/\/www.feconsultancy.com\/index.php\/thematiques-environnementales-sme\/","title":{"rendered":"Th\u00e9matiques Environnementales (SME)"},"content":{"rendered":"<p><strong>PROGRAMME DE FORMATION ET SENSIBILISATION EN SYSTEME DE MANAGEMENT ENVIRONNEMENT SME <\/strong><\/p>\n<table width=\"100%\">\n<tbody>\n<tr>\n<td width=\"52\">Ref<\/td>\n<td width=\"399\">Themes<\/td>\n<\/tr>\n<tr>\n<td width=\"52\">SME01<\/td>\n<td width=\"399\">Enjeux de la Gestion de l\u2019Environnement en Entreprise<\/td>\n<\/tr>\n<tr>\n<td width=\"52\">SME02<\/td>\n<td width=\"399\">Entreprise et D\u00e9veloppement Durable<\/td>\n<\/tr>\n<tr>\n<td width=\"52\">SME03<\/td>\n<td width=\"399\">Gestion des D\u00e9chets<\/td>\n<\/tr>\n<tr>\n<td width=\"52\">SME04<\/td>\n<td width=\"399\">D\u00e9chets Banals (DIB)<\/td>\n<\/tr>\n<tr>\n<td width=\"52\">SME05<\/td>\n<td width=\"399\">D\u00e9chets Sp\u00e9ciaux (DIS)<\/td>\n<\/tr>\n<tr>\n<td width=\"52\">SME06<\/td>\n<td width=\"399\">Environnement et Produits Chimiques<\/td>\n<\/tr>\n<tr>\n<td width=\"52\">SME07<\/td>\n<td width=\"399\">Transport et Environnement<\/td>\n<\/tr>\n<tr>\n<td width=\"52\">SME08<\/td>\n<td width=\"399\">Environnement et Nuisance Sonore<\/td>\n<\/tr>\n<tr>\n<td width=\"52\">SME09<\/td>\n<td width=\"399\">D\u00e9chets\u00a0: Responsabilit\u00e9 du Producteur<\/td>\n<\/tr>\n<tr>\n<td width=\"52\">SME10<\/td>\n<td width=\"399\">Strat\u00e9gie de Gestion des D\u00e9chets au Cameroun (Cadre Reglementaire)<\/td>\n<\/tr>\n<tr>\n<td width=\"52\">SME11<\/td>\n<td width=\"399\">Normes et Strat\u00e9gies d\u2019Inspection Environnementales<\/td>\n<\/tr>\n<tr>\n<td width=\"52\">SME12<\/td>\n<td width=\"399\">D\u00e9chets et Sant\u00e9<\/td>\n<\/tr>\n<tr>\n<td width=\"52\">SME13<\/td>\n<td width=\"399\">Identification des Aspects Environnementaux<\/td>\n<\/tr>\n<tr>\n<td width=\"52\">SME14<\/td>\n<td width=\"399\">Pollution de l\u2019air: Enjeux et Impact<\/td>\n<\/tr>\n<tr>\n<td width=\"52\">SME15<\/td>\n<td width=\"399\">Gestion et Traitement des Sols et Sites Pollu\u00e9s<\/td>\n<\/tr>\n<tr>\n<td width=\"52\">SME16<\/td>\n<td width=\"399\">Hygi\u00e8ne, Propret\u00e9, Nettoyage et Environnement\u00a0; les 5S<\/td>\n<\/tr>\n<tr>\n<td width=\"52\">SME17<\/td>\n<td width=\"399\">Equipement de Protection Individuel (EPI) et Environnement<\/td>\n<\/tr>\n<tr>\n<td width=\"52\">SME18<\/td>\n<td width=\"399\">Outil de la Veille R\u00e9glementaire Environnementale<\/td>\n<\/tr>\n<tr>\n<td width=\"52\">SME19<\/td>\n<td width=\"399\">Manuel environnement ou Analyse Environnementale<\/td>\n<\/tr>\n<tr>\n<td width=\"52\">SME20<\/td>\n<td width=\"399\">Constitutions des Termes de R\u00e9f\u00e9rences<\/td>\n<\/tr>\n<tr>\n<td width=\"52\">SME21<\/td>\n<td width=\"399\">Indicateurs Environnementaux<\/td>\n<\/tr>\n<tr>\n<td width=\"52\">SME22<\/td>\n<td width=\"399\">Pr\u00e9paration a ISO 14001:2015<\/td>\n<\/tr>\n<tr>\n<td width=\"52\">SME23<\/td>\n<td width=\"399\">Audit Interne Environnemental suivant les Exigencies de ISO 19011<\/td>\n<\/tr>\n<tr>\n<td width=\"52\"><\/td>\n<td width=\"399\"><\/td>\n<\/tr>\n<\/tbody>\n<\/table>\n<p>&nbsp;<\/p>\n","protected":false},"excerpt":{"rendered":"<p>PROGRAMME DE FORMATION ET SENSIBILISATION EN SYSTEME DE MANAGEMENT ENVIRONNEMENT SME Ref Themes SME01 Enjeux de la Gestion de l\u2019Environnement en Entreprise SME02 Entreprise et D\u00e9veloppement Durable SME03 Gestion des D\u00e9chets SME04 D\u00e9chets Banals (DIB) SME05 D\u00e9chets Sp\u00e9ciaux (DIS) SME06 Environnement et Produits Chimiques SME07 Transport et Environnement SME08 Environnement et Nuisance Sonore SME09 D\u00e9chets\u00a0: [&hellip;]<\/p>\n","protected":false},"author":1,"featured_media":0,"parent":0,"menu_order":0,"comment_status":"closed","ping_status":"closed","template":"","meta":{"footnotes":""},"class_list":["post-139","page","type-page","status-publish","hentry"],"yoast_head":"<!-- This site is optimized with the Yoast SEO plugin v27.4 - https:\/\/yoast.com\/product\/yoast-seo-wordpress\/ -->\n<title>Th\u00e9matiques Environnementales (SME) - Free Engineering Consultancy<\/title>\n<meta name=\"robots\" content=\"index, follow, max-snippet:-1, max-image-preview:large, max-video-preview:-1\" \/>\n<link rel=\"canonical\" href=\"https:\/\/www.feconsultancy.com\/index.php\/thematiques-environnementales-sme\/\" \/>\n<meta property=\"og:locale\" content=\"fr_FR\" \/>\n<meta property=\"og:type\" content=\"article\" \/>\n<meta property=\"og:title\" content=\"Th\u00e9matiques Environnementales (SME) - Free Engineering Consultancy\" \/>\n<meta property=\"og:description\" content=\"PROGRAMME DE FORMATION ET SENSIBILISATION EN SYSTEME DE MANAGEMENT ENVIRONNEMENT SME Ref Themes SME01 Enjeux de la Gestion de l\u2019Environnement en Entreprise SME02 Entreprise et D\u00e9veloppement Durable SME03 Gestion des D\u00e9chets SME04 D\u00e9chets Banals (DIB) SME05 D\u00e9chets Sp\u00e9ciaux (DIS) SME06 Environnement et Produits Chimiques SME07 Transport et Environnement SME08 Environnement et Nuisance Sonore SME09 D\u00e9chets\u00a0: [&hellip;]\" \/>\n<meta property=\"og:url\" content=\"https:\/\/www.feconsultancy.com\/index.php\/thematiques-environnementales-sme\/\" \/>\n<meta property=\"og:site_name\" content=\"Free Engineering Consultancy\" \/>\n<meta property=\"article:publisher\" content=\"https:\/\/www.facebook.com\/freengineeringconsultancy\/?fref=ts\" \/>\n<meta name=\"twitter:card\" content=\"summary_large_image\" \/>\n<meta name=\"twitter:label1\" content=\"Dur\u00e9e de lecture estim\u00e9e\" \/>\n\t<meta name=\"twitter:data1\" content=\"1 minute\" \/>\n<script type=\"application\/ld+json\" class=\"yoast-schema-graph\">{\"@context\":\"https:\\\/\\\/schema.org\",\"@graph\":[{\"@type\":\"WebPage\",\"@id\":\"https:\\\/\\\/www.feconsultancy.com\\\/index.php\\\/thematiques-environnementales-sme\\\/\",\"url\":\"https:\\\/\\\/www.feconsultancy.com\\\/index.php\\\/thematiques-environnementales-sme\\\/\",\"name\":\"Th\u00e9matiques Environnementales (SME) - Free Engineering Consultancy\",\"isPartOf\":{\"@id\":\"https:\\\/\\\/www.feconsultancy.com\\\/#website\"},\"datePublished\":\"2016-08-07T07:05:55+00:00\",\"breadcrumb\":{\"@id\":\"https:\\\/\\\/www.feconsultancy.com\\\/index.php\\\/thematiques-environnementales-sme\\\/#breadcrumb\"},\"inLanguage\":\"fr-FR\",\"potentialAction\":[{\"@type\":\"ReadAction\",\"target\":[\"https:\\\/\\\/www.feconsultancy.com\\\/index.php\\\/thematiques-environnementales-sme\\\/\"]}]},{\"@type\":\"BreadcrumbList\",\"@id\":\"https:\\\/\\\/www.feconsultancy.com\\\/index.php\\\/thematiques-environnementales-sme\\\/#breadcrumb\",\"itemListElement\":[{\"@type\":\"ListItem\",\"position\":1,\"name\":\"Accueil\",\"item\":\"https:\\\/\\\/www.feconsultancy.com\\\/index.php\\\/accueil\\\/\"},{\"@type\":\"ListItem\",\"position\":2,\"name\":\"Th\u00e9matiques Environnementales (SME)\"}]},{\"@type\":\"WebSite\",\"@id\":\"https:\\\/\\\/www.feconsultancy.com\\\/#website\",\"url\":\"https:\\\/\\\/www.feconsultancy.com\\\/\",\"name\":\"Free Engineering Consultancy\",\"description\":\"Conseil, la Formation et l\u2019Assistance Technique en Qualit\u00e9, S\u00e9curit\u00e9 &amp; Environnement\",\"potentialAction\":[{\"@type\":\"SearchAction\",\"target\":{\"@type\":\"EntryPoint\",\"urlTemplate\":\"https:\\\/\\\/www.feconsultancy.com\\\/?s={search_term_string}\"},\"query-input\":{\"@type\":\"PropertyValueSpecification\",\"valueRequired\":true,\"valueName\":\"search_term_string\"}}],\"inLanguage\":\"fr-FR\"}]}<\/script>\n<!-- \/ Yoast SEO plugin. -->","yoast_head_json":{"title":"Th\u00e9matiques Environnementales (SME) - Free Engineering Consultancy","robots":{"index":"index","follow":"follow","max-snippet":"max-snippet:-1","max-image-preview":"max-image-preview:large","max-video-preview":"max-video-preview:-1"},"canonical":"https:\/\/www.feconsultancy.com\/index.php\/thematiques-environnementales-sme\/","og_locale":"fr_FR","og_type":"article","og_title":"Th\u00e9matiques Environnementales (SME) - Free Engineering Consultancy","og_description":"PROGRAMME DE FORMATION ET SENSIBILISATION EN SYSTEME DE MANAGEMENT ENVIRONNEMENT SME Ref Themes SME01 Enjeux de la Gestion de l\u2019Environnement en Entreprise SME02 Entreprise et D\u00e9veloppement Durable SME03 Gestion des D\u00e9chets SME04 D\u00e9chets Banals (DIB) SME05 D\u00e9chets Sp\u00e9ciaux (DIS) SME06 Environnement et Produits Chimiques SME07 Transport et Environnement SME08 Environnement et Nuisance Sonore SME09 D\u00e9chets\u00a0: [&hellip;]","og_url":"https:\/\/www.feconsultancy.com\/index.php\/thematiques-environnementales-sme\/","og_site_name":"Free Engineering Consultancy","article_publisher":"https:\/\/www.facebook.com\/freengineeringconsultancy\/?fref=ts","twitter_card":"summary_large_image","twitter_misc":{"Dur\u00e9e de lecture estim\u00e9e":"1 minute"},"schema":{"@context":"https:\/\/schema.org","@graph":[{"@type":"WebPage","@id":"https:\/\/www.feconsultancy.com\/index.php\/thematiques-environnementales-sme\/","url":"https:\/\/www.feconsultancy.com\/index.php\/thematiques-environnementales-sme\/","name":"Th\u00e9matiques Environnementales (SME) - Free Engineering Consultancy","isPartOf":{"@id":"https:\/\/www.feconsultancy.com\/#website"},"datePublished":"2016-08-07T07:05:55+00:00","breadcrumb":{"@id":"https:\/\/www.feconsultancy.com\/index.php\/thematiques-environnementales-sme\/#breadcrumb"},"inLanguage":"fr-FR","potentialAction":[{"@type":"ReadAction","target":["https:\/\/www.feconsultancy.com\/index.php\/thematiques-environnementales-sme\/"]}]},{"@type":"BreadcrumbList","@id":"https:\/\/www.feconsultancy.com\/index.php\/thematiques-environnementales-sme\/#breadcrumb","itemListElement":[{"@type":"ListItem","position":1,"name":"Accueil","item":"https:\/\/www.feconsultancy.com\/index.php\/accueil\/"},{"@type":"ListItem","position":2,"name":"Th\u00e9matiques Environnementales (SME)"}]},{"@type":"WebSite","@id":"https:\/\/www.feconsultancy.com\/#website","url":"https:\/\/www.feconsultancy.com\/","name":"Free Engineering Consultancy","description":"Conseil, la Formation et l\u2019Assistance Technique en Qualit\u00e9, S\u00e9curit\u00e9 &amp; Environnement","potentialAction":[{"@type":"SearchAction","target":{"@type":"EntryPoint","urlTemplate":"https:\/\/www.feconsultancy.com\/?s={search_term_string}"},"query-input":{"@type":"PropertyValueSpecification","valueRequired":true,"valueName":"search_term_string"}}],"inLanguage":"fr-FR"}]}},"_links":{"self":[{"href":"https:\/\/www.feconsultancy.com\/index.php\/wp-json\/wp\/v2\/pages\/139","targetHints":{"allow":["GET"]}}],"collection":[{"href":"https:\/\/www.feconsultancy.com\/index.php\/wp-json\/wp\/v2\/pages"}],"about":[{"href":"https:\/\/www.feconsultancy.com\/index.php\/wp-json\/wp\/v2\/types\/page"}],"author":[{"embeddable":true,"href":"https:\/\/www.feconsultancy.com\/index.php\/wp-json\/wp\/v2\/users\/1"}],"replies":[{"embeddable":true,"href":"https:\/\/www.feconsultancy.com\/index.php\/wp-json\/wp\/v2\/comments?post=139"}],"version-history":[{"count":1,"href":"https:\/\/www.feconsultancy.com\/index.php\/wp-json\/wp\/v2\/pages\/139\/revisions"}],"predecessor-version":[{"id":141,"href":"https:\/\/www.feconsultancy.com\/index.php\/wp-json\/wp\/v2\/pages\/139\/revisions\/141"}],"wp:attachment":[{"href":"https:\/\/www.feconsultancy.com\/index.php\/wp-json\/wp\/v2\/media?parent=139"}],"curies":[{"name":"wp","href":"https:\/\/api.w.org\/{rel}","templated":true}]}}