{"id":144,"date":"2016-08-07T08:27:02","date_gmt":"2016-08-07T07:27:02","guid":{"rendered":"http:\/\/feconsultancy.com\/?page_id=144"},"modified":"2016-08-07T08:27:02","modified_gmt":"2016-08-07T07:27:02","slug":"nos-referentiels","status":"publish","type":"page","link":"https:\/\/www.feconsultancy.com\/index.php\/nos-referentiels\/","title":{"rendered":"Nos R\u00e9f\u00e9rentiels"},"content":{"rendered":"<section  class='av_textblock_section av-av_textblock-0366cc7376be6c9e82a3e9cc8987b64f '   itemscope=\"itemscope\" itemtype=\"https:\/\/schema.org\/CreativeWork\" ><div class='avia_textblock'  itemprop=\"text\" ><p><img loading=\"lazy\" decoding=\"async\" class=\"alignnone size-full wp-image-145\" src=\"http:\/\/feconsultancy.com\/wp-content\/uploads\/2016\/08\/Logo-OHSAS-18001-a.jpg\" alt=\"Logo-OHSAS-18001-a\" width=\"165\" height=\"160\" srcset=\"https:\/\/www.feconsultancy.com\/wp-content\/uploads\/2016\/08\/Logo-OHSAS-18001-a.jpg 165w, https:\/\/www.feconsultancy.com\/wp-content\/uploads\/2016\/08\/Logo-OHSAS-18001-a-36x36.jpg 36w\" sizes=\"auto, (max-width: 165px) 100vw, 165px\" \/>\u00a0\u00a0\u00a0\u00a0\u00a0\u00a0\u00a0 <img loading=\"lazy\" decoding=\"async\" class=\"alignnone wp-image-146\" src=\"http:\/\/feconsultancy.com\/wp-content\/uploads\/2016\/08\/Logo-ISO-9001.jpg\" alt=\"Logo-ISO-9001\" width=\"190\" height=\"160\" \/><\/p>\n<p><img loading=\"lazy\" decoding=\"async\" class=\"alignnone wp-image-147\" src=\"http:\/\/feconsultancy.com\/wp-content\/uploads\/2016\/08\/Logo-ISO.png\" alt=\"Logo-ISO\" width=\"311\" height=\"106\" \/> <img loading=\"lazy\" decoding=\"async\" class=\"alignnone size-full wp-image-148\" src=\"http:\/\/feconsultancy.com\/wp-content\/uploads\/2016\/08\/Logo-ISO-14001.jpg\" alt=\"Logo-ISO-14001\" width=\"340\" height=\"148\" srcset=\"https:\/\/www.feconsultancy.com\/wp-content\/uploads\/2016\/08\/Logo-ISO-14001.jpg 340w, https:\/\/www.feconsultancy.com\/wp-content\/uploads\/2016\/08\/Logo-ISO-14001-300x131.jpg 300w\" sizes=\"auto, (max-width: 340px) 100vw, 340px\" \/><\/p>\n<\/div><\/section>\n","protected":false},"excerpt":{"rendered":"","protected":false},"author":1,"featured_media":0,"parent":0,"menu_order":0,"comment_status":"closed","ping_status":"closed","template":"","meta":{"footnotes":""},"class_list":["post-144","page","type-page","status-publish","hentry"],"yoast_head":"<!-- This site is optimized with the Yoast SEO plugin v27.4 - https:\/\/yoast.com\/product\/yoast-seo-wordpress\/ -->\n<title>Nos R\u00e9f\u00e9rentiels - Free Engineering Consultancy<\/title>\n<meta name=\"robots\" content=\"index, follow, max-snippet:-1, max-image-preview:large, max-video-preview:-1\" \/>\n<link rel=\"canonical\" href=\"https:\/\/www.feconsultancy.com\/index.php\/nos-referentiels\/\" \/>\n<meta property=\"og:locale\" content=\"fr_FR\" \/>\n<meta property=\"og:type\" content=\"article\" \/>\n<meta property=\"og:title\" content=\"Nos R\u00e9f\u00e9rentiels - Free Engineering Consultancy\" \/>\n<meta property=\"og:url\" content=\"https:\/\/www.feconsultancy.com\/index.php\/nos-referentiels\/\" \/>\n<meta property=\"og:site_name\" content=\"Free Engineering Consultancy\" \/>\n<meta property=\"article:publisher\" content=\"https:\/\/www.facebook.com\/freengineeringconsultancy\/?fref=ts\" \/>\n<meta property=\"og:image\" content=\"http:\/\/feconsultancy.com\/wp-content\/uploads\/2016\/08\/Logo-OHSAS-18001-a.jpg\" \/>\n<meta name=\"twitter:card\" content=\"summary_large_image\" \/>\n<script type=\"application\/ld+json\" class=\"yoast-schema-graph\">{\"@context\":\"https:\\\/\\\/schema.org\",\"@graph\":[{\"@type\":\"WebPage\",\"@id\":\"https:\\\/\\\/www.feconsultancy.com\\\/index.php\\\/nos-referentiels\\\/\",\"url\":\"https:\\\/\\\/www.feconsultancy.com\\\/index.php\\\/nos-referentiels\\\/\",\"name\":\"Nos R\u00e9f\u00e9rentiels - Free Engineering Consultancy\",\"isPartOf\":{\"@id\":\"https:\\\/\\\/www.feconsultancy.com\\\/#website\"},\"primaryImageOfPage\":{\"@id\":\"https:\\\/\\\/www.feconsultancy.com\\\/index.php\\\/nos-referentiels\\\/#primaryimage\"},\"image\":{\"@id\":\"https:\\\/\\\/www.feconsultancy.com\\\/index.php\\\/nos-referentiels\\\/#primaryimage\"},\"thumbnailUrl\":\"http:\\\/\\\/feconsultancy.com\\\/wp-content\\\/uploads\\\/2016\\\/08\\\/Logo-OHSAS-18001-a.jpg\",\"datePublished\":\"2016-08-07T07:27:02+00:00\",\"breadcrumb\":{\"@id\":\"https:\\\/\\\/www.feconsultancy.com\\\/index.php\\\/nos-referentiels\\\/#breadcrumb\"},\"inLanguage\":\"fr-FR\",\"potentialAction\":[{\"@type\":\"ReadAction\",\"target\":[\"https:\\\/\\\/www.feconsultancy.com\\\/index.php\\\/nos-referentiels\\\/\"]}]},{\"@type\":\"ImageObject\",\"inLanguage\":\"fr-FR\",\"@id\":\"https:\\\/\\\/www.feconsultancy.com\\\/index.php\\\/nos-referentiels\\\/#primaryimage\",\"url\":\"http:\\\/\\\/feconsultancy.com\\\/wp-content\\\/uploads\\\/2016\\\/08\\\/Logo-OHSAS-18001-a.jpg\",\"contentUrl\":\"http:\\\/\\\/feconsultancy.com\\\/wp-content\\\/uploads\\\/2016\\\/08\\\/Logo-OHSAS-18001-a.jpg\"},{\"@type\":\"BreadcrumbList\",\"@id\":\"https:\\\/\\\/www.feconsultancy.com\\\/index.php\\\/nos-referentiels\\\/#breadcrumb\",\"itemListElement\":[{\"@type\":\"ListItem\",\"position\":1,\"name\":\"Accueil\",\"item\":\"https:\\\/\\\/www.feconsultancy.com\\\/index.php\\\/accueil\\\/\"},{\"@type\":\"ListItem\",\"position\":2,\"name\":\"Nos R\u00e9f\u00e9rentiels\"}]},{\"@type\":\"WebSite\",\"@id\":\"https:\\\/\\\/www.feconsultancy.com\\\/#website\",\"url\":\"https:\\\/\\\/www.feconsultancy.com\\\/\",\"name\":\"Free Engineering Consultancy\",\"description\":\"Conseil, la Formation et l\u2019Assistance Technique en Qualit\u00e9, S\u00e9curit\u00e9 &amp; Environnement\",\"potentialAction\":[{\"@type\":\"SearchAction\",\"target\":{\"@type\":\"EntryPoint\",\"urlTemplate\":\"https:\\\/\\\/www.feconsultancy.com\\\/?s={search_term_string}\"},\"query-input\":{\"@type\":\"PropertyValueSpecification\",\"valueRequired\":true,\"valueName\":\"search_term_string\"}}],\"inLanguage\":\"fr-FR\"}]}<\/script>\n<!-- \/ Yoast SEO plugin. -->","yoast_head_json":{"title":"Nos R\u00e9f\u00e9rentiels - Free Engineering Consultancy","robots":{"index":"index","follow":"follow","max-snippet":"max-snippet:-1","max-image-preview":"max-image-preview:large","max-video-preview":"max-video-preview:-1"},"canonical":"https:\/\/www.feconsultancy.com\/index.php\/nos-referentiels\/","og_locale":"fr_FR","og_type":"article","og_title":"Nos R\u00e9f\u00e9rentiels - Free Engineering Consultancy","og_url":"https:\/\/www.feconsultancy.com\/index.php\/nos-referentiels\/","og_site_name":"Free Engineering Consultancy","article_publisher":"https:\/\/www.facebook.com\/freengineeringconsultancy\/?fref=ts","og_image":[{"url":"http:\/\/feconsultancy.com\/wp-content\/uploads\/2016\/08\/Logo-OHSAS-18001-a.jpg","type":"","width":"","height":""}],"twitter_card":"summary_large_image","schema":{"@context":"https:\/\/schema.org","@graph":[{"@type":"WebPage","@id":"https:\/\/www.feconsultancy.com\/index.php\/nos-referentiels\/","url":"https:\/\/www.feconsultancy.com\/index.php\/nos-referentiels\/","name":"Nos R\u00e9f\u00e9rentiels - Free Engineering Consultancy","isPartOf":{"@id":"https:\/\/www.feconsultancy.com\/#website"},"primaryImageOfPage":{"@id":"https:\/\/www.feconsultancy.com\/index.php\/nos-referentiels\/#primaryimage"},"image":{"@id":"https:\/\/www.feconsultancy.com\/index.php\/nos-referentiels\/#primaryimage"},"thumbnailUrl":"http:\/\/feconsultancy.com\/wp-content\/uploads\/2016\/08\/Logo-OHSAS-18001-a.jpg","datePublished":"2016-08-07T07:27:02+00:00","breadcrumb":{"@id":"https:\/\/www.feconsultancy.com\/index.php\/nos-referentiels\/#breadcrumb"},"inLanguage":"fr-FR","potentialAction":[{"@type":"ReadAction","target":["https:\/\/www.feconsultancy.com\/index.php\/nos-referentiels\/"]}]},{"@type":"ImageObject","inLanguage":"fr-FR","@id":"https:\/\/www.feconsultancy.com\/index.php\/nos-referentiels\/#primaryimage","url":"http:\/\/feconsultancy.com\/wp-content\/uploads\/2016\/08\/Logo-OHSAS-18001-a.jpg","contentUrl":"http:\/\/feconsultancy.com\/wp-content\/uploads\/2016\/08\/Logo-OHSAS-18001-a.jpg"},{"@type":"BreadcrumbList","@id":"https:\/\/www.feconsultancy.com\/index.php\/nos-referentiels\/#breadcrumb","itemListElement":[{"@type":"ListItem","position":1,"name":"Accueil","item":"https:\/\/www.feconsultancy.com\/index.php\/accueil\/"},{"@type":"ListItem","position":2,"name":"Nos R\u00e9f\u00e9rentiels"}]},{"@type":"WebSite","@id":"https:\/\/www.feconsultancy.com\/#website","url":"https:\/\/www.feconsultancy.com\/","name":"Free Engineering Consultancy","description":"Conseil, la Formation et l\u2019Assistance Technique en Qualit\u00e9, S\u00e9curit\u00e9 &amp; Environnement","potentialAction":[{"@type":"SearchAction","target":{"@type":"EntryPoint","urlTemplate":"https:\/\/www.feconsultancy.com\/?s={search_term_string}"},"query-input":{"@type":"PropertyValueSpecification","valueRequired":true,"valueName":"search_term_string"}}],"inLanguage":"fr-FR"}]}},"_links":{"self":[{"href":"https:\/\/www.feconsultancy.com\/index.php\/wp-json\/wp\/v2\/pages\/144","targetHints":{"allow":["GET"]}}],"collection":[{"href":"https:\/\/www.feconsultancy.com\/index.php\/wp-json\/wp\/v2\/pages"}],"about":[{"href":"https:\/\/www.feconsultancy.com\/index.php\/wp-json\/wp\/v2\/types\/page"}],"author":[{"embeddable":true,"href":"https:\/\/www.feconsultancy.com\/index.php\/wp-json\/wp\/v2\/users\/1"}],"replies":[{"embeddable":true,"href":"https:\/\/www.feconsultancy.com\/index.php\/wp-json\/wp\/v2\/comments?post=144"}],"version-history":[{"count":2,"href":"https:\/\/www.feconsultancy.com\/index.php\/wp-json\/wp\/v2\/pages\/144\/revisions"}],"predecessor-version":[{"id":285,"href":"https:\/\/www.feconsultancy.com\/index.php\/wp-json\/wp\/v2\/pages\/144\/revisions\/285"}],"wp:attachment":[{"href":"https:\/\/www.feconsultancy.com\/index.php\/wp-json\/wp\/v2\/media?parent=144"}],"curies":[{"name":"wp","href":"https:\/\/api.w.org\/{rel}","templated":true}]}}