{"id":151,"date":"2016-08-07T09:05:24","date_gmt":"2016-08-07T08:05:24","guid":{"rendered":"http:\/\/feconsultancy.com\/?page_id=151"},"modified":"2016-08-07T09:05:24","modified_gmt":"2016-08-07T08:05:24","slug":"nos-organismes-de-reference","status":"publish","type":"page","link":"https:\/\/www.feconsultancy.com\/index.php\/nos-organismes-de-reference\/","title":{"rendered":"Nos Organismes de Reference"},"content":{"rendered":"<p><img loading=\"lazy\" decoding=\"async\" class=\"alignnone  wp-image-152\" src=\"http:\/\/feconsultancy.com\/wp-content\/uploads\/2016\/08\/Logo-OIT-French1.png\" alt=\"Logo-OIT-French1\" width=\"198\" height=\"84\" \/> <img loading=\"lazy\" decoding=\"async\" class=\"alignnone  wp-image-153\" src=\"http:\/\/feconsultancy.com\/wp-content\/uploads\/2016\/08\/Logo-IOSH1.jpg\" alt=\"Logo-IOSH1\" width=\"225\" height=\"110\" \/> <img loading=\"lazy\" decoding=\"async\" class=\"alignnone  wp-image-154\" src=\"http:\/\/feconsultancy.com\/wp-content\/uploads\/2016\/08\/Logo-pqb.jpg\" alt=\"Logo-pqb\" width=\"192\" height=\"135\" \/> <img loading=\"lazy\" decoding=\"async\" class=\"alignnone size-full wp-image-155\" src=\"http:\/\/feconsultancy.com\/wp-content\/uploads\/2016\/08\/Logo-OPITO.jpg\" alt=\"Logo-OPITO\" width=\"200\" height=\"150\" \/> <img loading=\"lazy\" decoding=\"async\" class=\"alignnone size-full wp-image-156\" src=\"http:\/\/feconsultancy.com\/wp-content\/uploads\/2016\/08\/Logo-ANOR.jpg\" alt=\"Logo-ANOR\" width=\"174\" height=\"112\" \/> <img loading=\"lazy\" decoding=\"async\" class=\"alignnone size-full wp-image-157\" src=\"http:\/\/feconsultancy.com\/wp-content\/uploads\/2016\/08\/Logo-ANOR1.jpg\" alt=\"Logo-ANOR1\" width=\"174\" height=\"112\" \/> <img loading=\"lazy\" decoding=\"async\" class=\"alignnone size-full wp-image-158\" src=\"http:\/\/feconsultancy.com\/wp-content\/uploads\/2016\/08\/Logo-OIT.jpg\" alt=\"Logo-OIT\" width=\"213\" height=\"84\" \/> <img loading=\"lazy\" decoding=\"async\" class=\"alignnone  wp-image-159\" src=\"http:\/\/feconsultancy.com\/wp-content\/uploads\/2016\/08\/Logo-SGS-ISO-14001.png\" alt=\"Logo-SGS-ISO-14001\" width=\"154\" height=\"151\" srcset=\"https:\/\/www.feconsultancy.com\/wp-content\/uploads\/2016\/08\/Logo-SGS-ISO-14001.png 227w, https:\/\/www.feconsultancy.com\/wp-content\/uploads\/2016\/08\/Logo-SGS-ISO-14001-36x36.png 36w\" sizes=\"auto, (max-width: 154px) 100vw, 154px\" \/> <img loading=\"lazy\" decoding=\"async\" class=\"alignnone size-full wp-image-160\" src=\"http:\/\/feconsultancy.com\/wp-content\/uploads\/2016\/08\/Logo-INRS2-300x125.jpg\" alt=\"Logo-INRS2-300x125\" width=\"300\" height=\"125\" \/> <img loading=\"lazy\" decoding=\"async\" class=\"alignnone size-full wp-image-161\" src=\"http:\/\/feconsultancy.com\/wp-content\/uploads\/2016\/08\/Logo-OHSAS-18001-a-1.jpg\" alt=\"Logo-OHSAS-18001-a\" width=\"165\" height=\"160\" srcset=\"https:\/\/www.feconsultancy.com\/wp-content\/uploads\/2016\/08\/Logo-OHSAS-18001-a-1.jpg 165w, https:\/\/www.feconsultancy.com\/wp-content\/uploads\/2016\/08\/Logo-OHSAS-18001-a-1-36x36.jpg 36w\" sizes=\"auto, (max-width: 165px) 100vw, 165px\" \/> <img loading=\"lazy\" decoding=\"async\" class=\"alignnone size-full wp-image-162\" src=\"http:\/\/feconsultancy.com\/wp-content\/uploads\/2016\/08\/Logo-AFNOR1-300x124.jpg\" alt=\"Logo-AFNOR1-300x124\" width=\"300\" height=\"124\" \/>\u00a0\u00a0\u00a0\u00a0\u00a0 <img loading=\"lazy\" decoding=\"async\" class=\"alignnone  wp-image-163\" src=\"http:\/\/feconsultancy.com\/wp-content\/uploads\/2016\/08\/Logo-AFAQ-ISO-9001.jpg\" alt=\"Logo-AFAQ-ISO-9001\" width=\"137\" height=\"158\" \/>\u00a0\u00a0\u00a0\u00a0\u00a0\u00a0\u00a0 <img loading=\"lazy\" decoding=\"async\" class=\"alignnone  wp-image-164\" src=\"http:\/\/feconsultancy.com\/wp-content\/uploads\/2016\/08\/Logo-AFAQ-ISO-9001-a1.png\" alt=\"Logo-AFAQ-ISO-9001-a1\" width=\"164\" height=\"151\" \/> <img loading=\"lazy\" decoding=\"async\" class=\"alignnone  wp-image-165\" src=\"http:\/\/feconsultancy.com\/wp-content\/uploads\/2016\/08\/Logo-ANOR-Caneroun.jpg\" alt=\"Logo-ANOR-Caneroun\" width=\"162\" height=\"117\" \/> <img loading=\"lazy\" decoding=\"async\" class=\"alignnone  wp-image-166\" src=\"http:\/\/feconsultancy.com\/wp-content\/uploads\/2016\/08\/Logo-SGS-OHSAS-18001.jpg\" alt=\"Logo-SGS-OHSAS-18001\" width=\"149\" height=\"144\" srcset=\"https:\/\/www.feconsultancy.com\/wp-content\/uploads\/2016\/08\/Logo-SGS-OHSAS-18001.jpg 228w, https:\/\/www.feconsultancy.com\/wp-content\/uploads\/2016\/08\/Logo-SGS-OHSAS-18001-36x36.jpg 36w\" sizes=\"auto, (max-width: 149px) 100vw, 149px\" \/> <img loading=\"lazy\" decoding=\"async\" class=\"alignnone size-full wp-image-167\" src=\"http:\/\/feconsultancy.com\/wp-content\/uploads\/2016\/08\/Logo-Falck-Nutec1-300x136.jpg\" alt=\"Logo-Falck-Nutec1-300x136\" width=\"300\" height=\"136\" \/> <img loading=\"lazy\" decoding=\"async\" class=\"alignnone size-full wp-image-168\" src=\"http:\/\/feconsultancy.com\/wp-content\/uploads\/2016\/08\/logo-BIT-300x166.jpg\" alt=\"logo-BIT-300x166\" width=\"300\" height=\"166\" \/> <img loading=\"lazy\" decoding=\"async\" class=\"alignnone size-full wp-image-169\" src=\"http:\/\/feconsultancy.com\/wp-content\/uploads\/2016\/08\/Logo-ISO-14001-300x131-1.jpg\" alt=\"Logo-ISO-14001-300x131\" width=\"300\" height=\"131\" \/> <img loading=\"lazy\" decoding=\"async\" class=\"alignnone size-full wp-image-170\" src=\"http:\/\/feconsultancy.com\/wp-content\/uploads\/2016\/08\/Logo-BOSIET1-300x120.jpg\" alt=\"Logo-BOSIET1-300x120\" width=\"300\" height=\"120\" \/> <img loading=\"lazy\" decoding=\"async\" class=\"alignnone size-full wp-image-171\" src=\"http:\/\/feconsultancy.com\/wp-content\/uploads\/2016\/08\/Logo-Veritas-ISO-140011-300x156.jpg\" alt=\"Logo-Veritas-ISO-140011-300x156\" width=\"300\" height=\"156\" \/> <img loading=\"lazy\" decoding=\"async\" class=\"alignnone size-full wp-image-172\" src=\"http:\/\/feconsultancy.com\/wp-content\/uploads\/2016\/08\/Logo-Veritas-ISO-90012-300x162.png\" alt=\"Logo-Veritas-ISO-90012-300x162\" width=\"300\" height=\"162\" \/><\/p>\n","protected":false},"excerpt":{"rendered":"<p>\u00a0\u00a0\u00a0\u00a0\u00a0 \u00a0\u00a0\u00a0\u00a0\u00a0\u00a0\u00a0<\/p>\n","protected":false},"author":1,"featured_media":0,"parent":0,"menu_order":0,"comment_status":"closed","ping_status":"closed","template":"","meta":{"footnotes":""},"class_list":["post-151","page","type-page","status-publish","hentry"],"yoast_head":"<!-- This site is optimized with the Yoast SEO plugin v27.4 - https:\/\/yoast.com\/product\/yoast-seo-wordpress\/ -->\n<title>Nos Organismes de Reference - Free Engineering Consultancy<\/title>\n<meta name=\"robots\" content=\"index, follow, max-snippet:-1, max-image-preview:large, max-video-preview:-1\" \/>\n<link rel=\"canonical\" href=\"https:\/\/www.feconsultancy.com\/index.php\/nos-organismes-de-reference\/\" \/>\n<meta property=\"og:locale\" content=\"fr_FR\" \/>\n<meta property=\"og:type\" content=\"article\" \/>\n<meta property=\"og:title\" content=\"Nos Organismes de Reference - Free Engineering Consultancy\" \/>\n<meta property=\"og:description\" content=\"\u00a0\u00a0\u00a0\u00a0\u00a0 \u00a0\u00a0\u00a0\u00a0\u00a0\u00a0\u00a0\" \/>\n<meta property=\"og:url\" content=\"https:\/\/www.feconsultancy.com\/index.php\/nos-organismes-de-reference\/\" \/>\n<meta property=\"og:site_name\" content=\"Free Engineering Consultancy\" \/>\n<meta property=\"article:publisher\" content=\"https:\/\/www.facebook.com\/freengineeringconsultancy\/?fref=ts\" \/>\n<meta property=\"og:image\" content=\"http:\/\/feconsultancy.com\/wp-content\/uploads\/2016\/08\/Logo-OIT-French1.png\" \/>\n<meta name=\"twitter:card\" content=\"summary_large_image\" \/>\n<script type=\"application\/ld+json\" class=\"yoast-schema-graph\">{\"@context\":\"https:\\\/\\\/schema.org\",\"@graph\":[{\"@type\":\"WebPage\",\"@id\":\"https:\\\/\\\/www.feconsultancy.com\\\/index.php\\\/nos-organismes-de-reference\\\/\",\"url\":\"https:\\\/\\\/www.feconsultancy.com\\\/index.php\\\/nos-organismes-de-reference\\\/\",\"name\":\"Nos Organismes de Reference - Free Engineering Consultancy\",\"isPartOf\":{\"@id\":\"https:\\\/\\\/www.feconsultancy.com\\\/#website\"},\"primaryImageOfPage\":{\"@id\":\"https:\\\/\\\/www.feconsultancy.com\\\/index.php\\\/nos-organismes-de-reference\\\/#primaryimage\"},\"image\":{\"@id\":\"https:\\\/\\\/www.feconsultancy.com\\\/index.php\\\/nos-organismes-de-reference\\\/#primaryimage\"},\"thumbnailUrl\":\"http:\\\/\\\/feconsultancy.com\\\/wp-content\\\/uploads\\\/2016\\\/08\\\/Logo-OIT-French1.png\",\"datePublished\":\"2016-08-07T08:05:24+00:00\",\"breadcrumb\":{\"@id\":\"https:\\\/\\\/www.feconsultancy.com\\\/index.php\\\/nos-organismes-de-reference\\\/#breadcrumb\"},\"inLanguage\":\"fr-FR\",\"potentialAction\":[{\"@type\":\"ReadAction\",\"target\":[\"https:\\\/\\\/www.feconsultancy.com\\\/index.php\\\/nos-organismes-de-reference\\\/\"]}]},{\"@type\":\"ImageObject\",\"inLanguage\":\"fr-FR\",\"@id\":\"https:\\\/\\\/www.feconsultancy.com\\\/index.php\\\/nos-organismes-de-reference\\\/#primaryimage\",\"url\":\"http:\\\/\\\/feconsultancy.com\\\/wp-content\\\/uploads\\\/2016\\\/08\\\/Logo-OIT-French1.png\",\"contentUrl\":\"http:\\\/\\\/feconsultancy.com\\\/wp-content\\\/uploads\\\/2016\\\/08\\\/Logo-OIT-French1.png\"},{\"@type\":\"BreadcrumbList\",\"@id\":\"https:\\\/\\\/www.feconsultancy.com\\\/index.php\\\/nos-organismes-de-reference\\\/#breadcrumb\",\"itemListElement\":[{\"@type\":\"ListItem\",\"position\":1,\"name\":\"Accueil\",\"item\":\"https:\\\/\\\/www.feconsultancy.com\\\/index.php\\\/accueil\\\/\"},{\"@type\":\"ListItem\",\"position\":2,\"name\":\"Nos Organismes de Reference\"}]},{\"@type\":\"WebSite\",\"@id\":\"https:\\\/\\\/www.feconsultancy.com\\\/#website\",\"url\":\"https:\\\/\\\/www.feconsultancy.com\\\/\",\"name\":\"Free Engineering Consultancy\",\"description\":\"Conseil, la Formation et l\u2019Assistance Technique en Qualit\u00e9, S\u00e9curit\u00e9 &amp; Environnement\",\"potentialAction\":[{\"@type\":\"SearchAction\",\"target\":{\"@type\":\"EntryPoint\",\"urlTemplate\":\"https:\\\/\\\/www.feconsultancy.com\\\/?s={search_term_string}\"},\"query-input\":{\"@type\":\"PropertyValueSpecification\",\"valueRequired\":true,\"valueName\":\"search_term_string\"}}],\"inLanguage\":\"fr-FR\"}]}<\/script>\n<!-- \/ Yoast SEO plugin. -->","yoast_head_json":{"title":"Nos Organismes de Reference - Free Engineering Consultancy","robots":{"index":"index","follow":"follow","max-snippet":"max-snippet:-1","max-image-preview":"max-image-preview:large","max-video-preview":"max-video-preview:-1"},"canonical":"https:\/\/www.feconsultancy.com\/index.php\/nos-organismes-de-reference\/","og_locale":"fr_FR","og_type":"article","og_title":"Nos Organismes de Reference - Free Engineering Consultancy","og_description":"\u00a0\u00a0\u00a0\u00a0\u00a0 \u00a0\u00a0\u00a0\u00a0\u00a0\u00a0\u00a0","og_url":"https:\/\/www.feconsultancy.com\/index.php\/nos-organismes-de-reference\/","og_site_name":"Free Engineering Consultancy","article_publisher":"https:\/\/www.facebook.com\/freengineeringconsultancy\/?fref=ts","og_image":[{"url":"http:\/\/feconsultancy.com\/wp-content\/uploads\/2016\/08\/Logo-OIT-French1.png","type":"","width":"","height":""}],"twitter_card":"summary_large_image","schema":{"@context":"https:\/\/schema.org","@graph":[{"@type":"WebPage","@id":"https:\/\/www.feconsultancy.com\/index.php\/nos-organismes-de-reference\/","url":"https:\/\/www.feconsultancy.com\/index.php\/nos-organismes-de-reference\/","name":"Nos Organismes de Reference - Free Engineering Consultancy","isPartOf":{"@id":"https:\/\/www.feconsultancy.com\/#website"},"primaryImageOfPage":{"@id":"https:\/\/www.feconsultancy.com\/index.php\/nos-organismes-de-reference\/#primaryimage"},"image":{"@id":"https:\/\/www.feconsultancy.com\/index.php\/nos-organismes-de-reference\/#primaryimage"},"thumbnailUrl":"http:\/\/feconsultancy.com\/wp-content\/uploads\/2016\/08\/Logo-OIT-French1.png","datePublished":"2016-08-07T08:05:24+00:00","breadcrumb":{"@id":"https:\/\/www.feconsultancy.com\/index.php\/nos-organismes-de-reference\/#breadcrumb"},"inLanguage":"fr-FR","potentialAction":[{"@type":"ReadAction","target":["https:\/\/www.feconsultancy.com\/index.php\/nos-organismes-de-reference\/"]}]},{"@type":"ImageObject","inLanguage":"fr-FR","@id":"https:\/\/www.feconsultancy.com\/index.php\/nos-organismes-de-reference\/#primaryimage","url":"http:\/\/feconsultancy.com\/wp-content\/uploads\/2016\/08\/Logo-OIT-French1.png","contentUrl":"http:\/\/feconsultancy.com\/wp-content\/uploads\/2016\/08\/Logo-OIT-French1.png"},{"@type":"BreadcrumbList","@id":"https:\/\/www.feconsultancy.com\/index.php\/nos-organismes-de-reference\/#breadcrumb","itemListElement":[{"@type":"ListItem","position":1,"name":"Accueil","item":"https:\/\/www.feconsultancy.com\/index.php\/accueil\/"},{"@type":"ListItem","position":2,"name":"Nos Organismes de Reference"}]},{"@type":"WebSite","@id":"https:\/\/www.feconsultancy.com\/#website","url":"https:\/\/www.feconsultancy.com\/","name":"Free Engineering Consultancy","description":"Conseil, la Formation et l\u2019Assistance Technique en Qualit\u00e9, S\u00e9curit\u00e9 &amp; Environnement","potentialAction":[{"@type":"SearchAction","target":{"@type":"EntryPoint","urlTemplate":"https:\/\/www.feconsultancy.com\/?s={search_term_string}"},"query-input":{"@type":"PropertyValueSpecification","valueRequired":true,"valueName":"search_term_string"}}],"inLanguage":"fr-FR"}]}},"_links":{"self":[{"href":"https:\/\/www.feconsultancy.com\/index.php\/wp-json\/wp\/v2\/pages\/151","targetHints":{"allow":["GET"]}}],"collection":[{"href":"https:\/\/www.feconsultancy.com\/index.php\/wp-json\/wp\/v2\/pages"}],"about":[{"href":"https:\/\/www.feconsultancy.com\/index.php\/wp-json\/wp\/v2\/types\/page"}],"author":[{"embeddable":true,"href":"https:\/\/www.feconsultancy.com\/index.php\/wp-json\/wp\/v2\/users\/1"}],"replies":[{"embeddable":true,"href":"https:\/\/www.feconsultancy.com\/index.php\/wp-json\/wp\/v2\/comments?post=151"}],"version-history":[{"count":1,"href":"https:\/\/www.feconsultancy.com\/index.php\/wp-json\/wp\/v2\/pages\/151\/revisions"}],"predecessor-version":[{"id":174,"href":"https:\/\/www.feconsultancy.com\/index.php\/wp-json\/wp\/v2\/pages\/151\/revisions\/174"}],"wp:attachment":[{"href":"https:\/\/www.feconsultancy.com\/index.php\/wp-json\/wp\/v2\/media?parent=151"}],"curies":[{"name":"wp","href":"https:\/\/api.w.org\/{rel}","templated":true}]}}