{"id":528,"date":"2025-11-16T10:25:47","date_gmt":"2025-11-16T09:25:47","guid":{"rendered":"https:\/\/www.feconsultancy.com\/?page_id=528"},"modified":"2025-11-16T10:25:47","modified_gmt":"2025-11-16T09:25:47","slug":"1-presentation-institutionnelle-de-fec-free-engineering-consultancy","status":"publish","type":"page","link":"https:\/\/www.feconsultancy.com\/index.php\/1-presentation-institutionnelle-de-fec-free-engineering-consultancy\/","title":{"rendered":"1. Pr\u00e9sentation institutionnelle de FEC \u2013 Free Engineering Consultancy"},"content":{"rendered":"<p>Pr\u00e9sentation Institutionnelle<br \/>\nFree Engineering Consultancy (FEC) est un cabinet sp\u00e9cialis\u00e9 dans le Conseil, la Formation et l\u2019Assistance Technique dans les domaines de la Qualit\u00e9, de la S\u00e9curit\u00e9 et de l\u2019Environnement (QSE).<\/p>\n<p>Nous accompagnons les entreprises dans leur d\u00e9marche d\u2019excellence op\u00e9rationnelle, de conformit\u00e9 r\u00e9glementaire et de ma\u00eetrise des risques, afin de renforcer leur performance durable.<\/p>\n<p>Avec une expertise \u00e9prouv\u00e9e dans diff\u00e9rents secteurs (industrie, BTP, services, logistique, \u00e9nergie\u2026), FEC intervient aupr\u00e8s des organisations pour :<br \/>\n1)\tMettre en place ou am\u00e9liorer des syst\u00e8mes de management QSE performants<br \/>\n2)\tFormer les \u00e9quipes aux exigences normatives et r\u00e9glementaires<br \/>\n3)\tR\u00e9aliser des audits, diagnostics et analyses de risques<br \/>\n4)\tD\u00e9ployer des solutions techniques adapt\u00e9es au terrain<\/p>\n<p>Notre Approche Repose sur :<br \/>\n1)\tUne expertise certifi\u00e9e en normes internationales (ISO 9001, ISO 14001, ISO 45001\u2026)<br \/>\n2)\tUne p\u00e9dagogie active centr\u00e9e sur la ma\u00eetrise des comp\u00e9tences<br \/>\n3)\tUn accompagnement sur mesure adapt\u00e9 au contexte et aux objectifs de chaque client<br \/>\n4)\tUne vision durable, pla\u00e7ant la pr\u00e9vention, la performance et la conformit\u00e9 au c\u0153ur des strat\u00e9gies<\/p>\n","protected":false},"excerpt":{"rendered":"<p>Pr\u00e9sentation Institutionnelle Free Engineering Consultancy (FEC) est un cabinet sp\u00e9cialis\u00e9 dans le Conseil, la Formation et l\u2019Assistance Technique dans les domaines de la Qualit\u00e9, de la S\u00e9curit\u00e9 et de l\u2019Environnement (QSE). Nous accompagnons les entreprises dans leur d\u00e9marche d\u2019excellence op\u00e9rationnelle, de conformit\u00e9 r\u00e9glementaire et de ma\u00eetrise des risques, afin de renforcer leur performance durable. Avec [&hellip;]<\/p>\n","protected":false},"author":2,"featured_media":0,"parent":0,"menu_order":0,"comment_status":"closed","ping_status":"closed","template":"","meta":{"footnotes":""},"class_list":["post-528","page","type-page","status-publish","hentry"],"yoast_head":"<!-- This site is optimized with the Yoast SEO plugin v27.4 - https:\/\/yoast.com\/product\/yoast-seo-wordpress\/ -->\n<title>1. Pr\u00e9sentation institutionnelle de FEC \u2013 Free Engineering Consultancy - Free Engineering Consultancy<\/title>\n<meta name=\"robots\" content=\"index, follow, max-snippet:-1, max-image-preview:large, max-video-preview:-1\" \/>\n<link rel=\"canonical\" href=\"https:\/\/www.feconsultancy.com\/index.php\/1-presentation-institutionnelle-de-fec-free-engineering-consultancy\/\" \/>\n<meta property=\"og:locale\" content=\"fr_FR\" \/>\n<meta property=\"og:type\" content=\"article\" \/>\n<meta property=\"og:title\" content=\"1. Pr\u00e9sentation institutionnelle de FEC \u2013 Free Engineering Consultancy - Free Engineering Consultancy\" \/>\n<meta property=\"og:description\" content=\"Pr\u00e9sentation Institutionnelle Free Engineering Consultancy (FEC) est un cabinet sp\u00e9cialis\u00e9 dans le Conseil, la Formation et l\u2019Assistance Technique dans les domaines de la Qualit\u00e9, de la S\u00e9curit\u00e9 et de l\u2019Environnement (QSE). Nous accompagnons les entreprises dans leur d\u00e9marche d\u2019excellence op\u00e9rationnelle, de conformit\u00e9 r\u00e9glementaire et de ma\u00eetrise des risques, afin de renforcer leur performance durable. Avec [&hellip;]\" \/>\n<meta property=\"og:url\" content=\"https:\/\/www.feconsultancy.com\/index.php\/1-presentation-institutionnelle-de-fec-free-engineering-consultancy\/\" \/>\n<meta property=\"og:site_name\" content=\"Free Engineering Consultancy\" \/>\n<meta property=\"article:publisher\" content=\"https:\/\/www.facebook.com\/freengineeringconsultancy\/?fref=ts\" \/>\n<meta name=\"twitter:card\" content=\"summary_large_image\" \/>\n<script type=\"application\/ld+json\" class=\"yoast-schema-graph\">{\"@context\":\"https:\\\/\\\/schema.org\",\"@graph\":[{\"@type\":\"WebPage\",\"@id\":\"https:\\\/\\\/www.feconsultancy.com\\\/index.php\\\/1-presentation-institutionnelle-de-fec-free-engineering-consultancy\\\/\",\"url\":\"https:\\\/\\\/www.feconsultancy.com\\\/index.php\\\/1-presentation-institutionnelle-de-fec-free-engineering-consultancy\\\/\",\"name\":\"1. Pr\u00e9sentation institutionnelle de FEC \u2013 Free Engineering Consultancy - Free Engineering Consultancy\",\"isPartOf\":{\"@id\":\"https:\\\/\\\/www.feconsultancy.com\\\/#website\"},\"datePublished\":\"2025-11-16T09:25:47+00:00\",\"breadcrumb\":{\"@id\":\"https:\\\/\\\/www.feconsultancy.com\\\/index.php\\\/1-presentation-institutionnelle-de-fec-free-engineering-consultancy\\\/#breadcrumb\"},\"inLanguage\":\"fr-FR\",\"potentialAction\":[{\"@type\":\"ReadAction\",\"target\":[\"https:\\\/\\\/www.feconsultancy.com\\\/index.php\\\/1-presentation-institutionnelle-de-fec-free-engineering-consultancy\\\/\"]}]},{\"@type\":\"BreadcrumbList\",\"@id\":\"https:\\\/\\\/www.feconsultancy.com\\\/index.php\\\/1-presentation-institutionnelle-de-fec-free-engineering-consultancy\\\/#breadcrumb\",\"itemListElement\":[{\"@type\":\"ListItem\",\"position\":1,\"name\":\"Accueil\",\"item\":\"https:\\\/\\\/www.feconsultancy.com\\\/index.php\\\/accueil\\\/\"},{\"@type\":\"ListItem\",\"position\":2,\"name\":\"1. Pr\u00e9sentation institutionnelle de FEC \u2013 Free Engineering Consultancy\"}]},{\"@type\":\"WebSite\",\"@id\":\"https:\\\/\\\/www.feconsultancy.com\\\/#website\",\"url\":\"https:\\\/\\\/www.feconsultancy.com\\\/\",\"name\":\"Free Engineering Consultancy\",\"description\":\"Conseil, la Formation et l\u2019Assistance Technique en Qualit\u00e9, S\u00e9curit\u00e9 &amp; Environnement\",\"potentialAction\":[{\"@type\":\"SearchAction\",\"target\":{\"@type\":\"EntryPoint\",\"urlTemplate\":\"https:\\\/\\\/www.feconsultancy.com\\\/?s={search_term_string}\"},\"query-input\":{\"@type\":\"PropertyValueSpecification\",\"valueRequired\":true,\"valueName\":\"search_term_string\"}}],\"inLanguage\":\"fr-FR\"}]}<\/script>\n<!-- \/ Yoast SEO plugin. -->","yoast_head_json":{"title":"1. Pr\u00e9sentation institutionnelle de FEC \u2013 Free Engineering Consultancy - Free Engineering Consultancy","robots":{"index":"index","follow":"follow","max-snippet":"max-snippet:-1","max-image-preview":"max-image-preview:large","max-video-preview":"max-video-preview:-1"},"canonical":"https:\/\/www.feconsultancy.com\/index.php\/1-presentation-institutionnelle-de-fec-free-engineering-consultancy\/","og_locale":"fr_FR","og_type":"article","og_title":"1. Pr\u00e9sentation institutionnelle de FEC \u2013 Free Engineering Consultancy - Free Engineering Consultancy","og_description":"Pr\u00e9sentation Institutionnelle Free Engineering Consultancy (FEC) est un cabinet sp\u00e9cialis\u00e9 dans le Conseil, la Formation et l\u2019Assistance Technique dans les domaines de la Qualit\u00e9, de la S\u00e9curit\u00e9 et de l\u2019Environnement (QSE). Nous accompagnons les entreprises dans leur d\u00e9marche d\u2019excellence op\u00e9rationnelle, de conformit\u00e9 r\u00e9glementaire et de ma\u00eetrise des risques, afin de renforcer leur performance durable. Avec [&hellip;]","og_url":"https:\/\/www.feconsultancy.com\/index.php\/1-presentation-institutionnelle-de-fec-free-engineering-consultancy\/","og_site_name":"Free Engineering Consultancy","article_publisher":"https:\/\/www.facebook.com\/freengineeringconsultancy\/?fref=ts","twitter_card":"summary_large_image","schema":{"@context":"https:\/\/schema.org","@graph":[{"@type":"WebPage","@id":"https:\/\/www.feconsultancy.com\/index.php\/1-presentation-institutionnelle-de-fec-free-engineering-consultancy\/","url":"https:\/\/www.feconsultancy.com\/index.php\/1-presentation-institutionnelle-de-fec-free-engineering-consultancy\/","name":"1. Pr\u00e9sentation institutionnelle de FEC \u2013 Free Engineering Consultancy - Free Engineering Consultancy","isPartOf":{"@id":"https:\/\/www.feconsultancy.com\/#website"},"datePublished":"2025-11-16T09:25:47+00:00","breadcrumb":{"@id":"https:\/\/www.feconsultancy.com\/index.php\/1-presentation-institutionnelle-de-fec-free-engineering-consultancy\/#breadcrumb"},"inLanguage":"fr-FR","potentialAction":[{"@type":"ReadAction","target":["https:\/\/www.feconsultancy.com\/index.php\/1-presentation-institutionnelle-de-fec-free-engineering-consultancy\/"]}]},{"@type":"BreadcrumbList","@id":"https:\/\/www.feconsultancy.com\/index.php\/1-presentation-institutionnelle-de-fec-free-engineering-consultancy\/#breadcrumb","itemListElement":[{"@type":"ListItem","position":1,"name":"Accueil","item":"https:\/\/www.feconsultancy.com\/index.php\/accueil\/"},{"@type":"ListItem","position":2,"name":"1. Pr\u00e9sentation institutionnelle de FEC \u2013 Free Engineering Consultancy"}]},{"@type":"WebSite","@id":"https:\/\/www.feconsultancy.com\/#website","url":"https:\/\/www.feconsultancy.com\/","name":"Free Engineering Consultancy","description":"Conseil, la Formation et l\u2019Assistance Technique en Qualit\u00e9, S\u00e9curit\u00e9 &amp; Environnement","potentialAction":[{"@type":"SearchAction","target":{"@type":"EntryPoint","urlTemplate":"https:\/\/www.feconsultancy.com\/?s={search_term_string}"},"query-input":{"@type":"PropertyValueSpecification","valueRequired":true,"valueName":"search_term_string"}}],"inLanguage":"fr-FR"}]}},"_links":{"self":[{"href":"https:\/\/www.feconsultancy.com\/index.php\/wp-json\/wp\/v2\/pages\/528","targetHints":{"allow":["GET"]}}],"collection":[{"href":"https:\/\/www.feconsultancy.com\/index.php\/wp-json\/wp\/v2\/pages"}],"about":[{"href":"https:\/\/www.feconsultancy.com\/index.php\/wp-json\/wp\/v2\/types\/page"}],"author":[{"embeddable":true,"href":"https:\/\/www.feconsultancy.com\/index.php\/wp-json\/wp\/v2\/users\/2"}],"replies":[{"embeddable":true,"href":"https:\/\/www.feconsultancy.com\/index.php\/wp-json\/wp\/v2\/comments?post=528"}],"version-history":[{"count":3,"href":"https:\/\/www.feconsultancy.com\/index.php\/wp-json\/wp\/v2\/pages\/528\/revisions"}],"predecessor-version":[{"id":532,"href":"https:\/\/www.feconsultancy.com\/index.php\/wp-json\/wp\/v2\/pages\/528\/revisions\/532"}],"wp:attachment":[{"href":"https:\/\/www.feconsultancy.com\/index.php\/wp-json\/wp\/v2\/media?parent=528"}],"curies":[{"name":"wp","href":"https:\/\/api.w.org\/{rel}","templated":true}]}}