{"id":53,"date":"2016-07-25T17:27:56","date_gmt":"2016-07-25T16:27:56","guid":{"rendered":"http:\/\/feconsultancy.com\/?page_id=53"},"modified":"2025-10-12T17:36:48","modified_gmt":"2025-10-12T16:36:48","slug":"a-propos-de-fec","status":"publish","type":"page","link":"https:\/\/www.feconsultancy.com\/index.php\/a-propos-de-fec\/","title":{"rendered":"A PROPOS DE FREE ENGINEERING CONSULTANCY (FEC)"},"content":{"rendered":"<ul>\n<li>Free Engineering Consultancy FEC est un bureau d\u2019\u00e9tude Camerounais d\u00fbment inscrit dans les registres du tribunal de grande instance de Bonanjo \u2013 Douala sous le registre de Commerce RC N* A\/033328 ;<\/li>\n<\/ul>\n<p>&nbsp;<\/p>\n<ul>\n<li>FEC est inscrit dans les livres de l\u2019administration fiscale sous le num\u00e9ro contribuable P0168003009415 \u2013 R\u00e9gime R\u00e9el ;<\/li>\n<\/ul>\n<p>&nbsp;<\/p>\n<ul>\n<li>Situ\u00e9 en plein c\u0153ur de Akwa centre des affaires, FEC est sp\u00e9cialis\u00e9 dans le Conseil, la Formation et l\u2019Assistance Technique en Qualit\u00e9, S\u00e9curit\u00e9 &amp; Environnement (QSE) suivant les exigences normatives ISO 9001 ; ISO 14001 et ISO 45001<\/li>\n<\/ul>\n<p>&nbsp;<\/p>\n<p><strong>Agr\u00e9ments et Expertises de FEC<\/strong><strong>\u00a0<\/strong><\/p>\n<p>&nbsp;<\/p>\n<p><strong>1- <u>Minist\u00e8re des Mines de l\u2019Industrie et du D\u00e9veloppement Technologique<\/u><\/strong><\/p>\n<ul>\n<li><strong>Agr\u00e9ment en vue de la R\u00e9alisation des Contr\u00f4les, Expertise et V\u00e9rifications R\u00e9glementaires des<\/strong><strong> Appareils a Pression, de Gaz et a Pression de Vapeur d\u2019Eau\u00a0:<\/strong><\/li>\n<\/ul>\n<p><strong>Autorisation\u00a0d\u2019exercer suivant Arr\u00eat\u00e9 <\/strong><strong><em>N* 0000280\/MINMIDT\/SG\/DI du 31 Aout 2022<\/em><\/strong><\/p>\n<p>&nbsp;<\/p>\n<ul>\n<li>Dimensionnement et Installation des Equipements de Lutte Incendie\u00a0;<\/li>\n<li>V\u00e9rification et Contr\u00f4le r\u00e9glementaire des Extincteurs\u00a0; Robinets d\u2019Incendie Arm\u00e9e\u00a0(RIA) et Poteaux d\u2019Incendie ;<\/li>\n<li>Epreuve des appareils \u00e0 pression lors de la mise en service\u00a0; remise en service et v\u00e9rification p\u00e9riodique\u00a0(Bouteilles de Gaz\u00a0; Chaudi\u00e8res\u00a0; R\u00e9servoir \u00e0 Air ; Cuves de Stockage\u00a0; Soupapes de S\u00e9curit\u00e9\u00a0; Manom\u00e8tres\u00a0; etc.<\/li>\n<li>V\u00e9rification et contr\u00f4le r\u00e9glementaire des accessoires et appareils de levage (Elingues\u00a0; Manilles\u00a0; Crochets\u00a0; Palonniers\u00a0; Conteneurs\u00a0; Paniers de Levage\u00a0\u2018\u2019Baskets\u2019\u2019 ; Pont Roulants\u00a0; Nacelles\u00a0; Bras El\u00e9vateurs\u00a0\u2018\u2019Ampyroll\u2019\u2019 ; Bennes \u00e0 Ordure M\u00e9nager\u00a0; Chariots El\u00e9vateurs\u00a0; Grues \u00e0 Tour\u00a0; Grues Mobiles et Auxiliaires, Engins de Terrassement\u00a0; etc.)\u00a0;<strong>Agr\u00e9ment de Personne Physique aux Inspections, Contr\u00f4les et Audits des Etablissements Classes<\/strong><strong> Dangereux, Insalubres ou Incommodes (Etudes de Dangers).<\/strong><\/li>\n<\/ul>\n<p><strong>Autorisation\u00a0d\u2019exercer suivant Arr\u00eat\u00e9 <\/strong><strong><em>N* 000020\/AR\/MINMIDT\/SG\/DI\/SDRI du 04 Octobre 2022<\/em><\/strong><\/p>\n<p>&nbsp;<\/p>\n<ul>\n<li>Assistance \u00e0 la r\u00e9alisation des dossiers d\u2019obtention d\u2019Autorisation d\u2019Implantation et d\u2019Exploitation\u00a0(Etablissements de classe 1) ;<\/li>\n<li>Assistance \u00e0 la r\u00e9alisation des dossiers de d\u00e9claration d\u2019Autorisation d\u2019Implantation et d\u2019Exploitation\u00a0(Etablissements de classe 2) ;<\/li>\n<li>R\u00e9alisation des Etudes de Dangers\u00a0;<\/li>\n<li>R\u00e9daction des Plans d\u2019Urgences\u00a0\/ Plan Particulier d\u2019Intervention &#8211; PPI ;<\/li>\n<li>R\u00e9daction des Plans d\u2019Operations Interne &#8211; POI ;<\/li>\n<li>R\u00e9daction des Mode de valorisation des d\u00e9chets.<\/li>\n<\/ul>\n<p>&nbsp;<\/p>\n<p><strong>2- <u>Minist\u00e8re de l\u2019Environnement de la Protection de la Nature et du D\u00e9veloppement Durable<\/u><\/strong><\/p>\n<p><strong>Agr\u00e9ment en vue de la R\u00e9alisation des Etudes d\u2019Impact et Audits Environnementaux.<\/strong><\/p>\n<ul>\n<li>R\u00e9alisation des Etudes d\u2019Impact Environnementaux D\u00e9taill\u00e9s et Assistance \u00e0 l\u2019Obtention du Certificat de Conformit\u00e9 Environnemental\u00a0(Etablissements de classe 1) ;<\/li>\n<\/ul>\n<p>&nbsp;<\/p>\n<ul>\n<li>R\u00e9alisation des Etudes d\u2019Impact Environnementaux Sommaire et Assistance \u00e0 l\u2019Obtention du Certificat de Conformit\u00e9 Environnemental\u00a0(Etablissements de classe 2) ;<\/li>\n<li>R\u00e9alisation des Notices d\u2019Impact Environnementaux &#8211; NIE et Assistance \u00e0 l\u2019Obtention du Certificat de Conformit\u00e9 Environnemental\u00a0;<\/li>\n<li>Accompagnement \u00e0 l\u2019obtention des Permis Environnementaux\u00a0;<\/li>\n<li>R\u00e9alisation des Audits Environnementaux.<\/li>\n<\/ul>\n<p>&nbsp;<\/p>\n<p><strong>3<u>&#8211; Minist\u00e8re de l\u2019Emploi et de la Formation Professionnelle<\/u><\/strong><\/p>\n<p><strong>Agr\u00e9ment en vue d\u2019Exercer comme Centre de Formation Professionnel Rapide.<\/strong><\/p>\n<p><strong>Autorisation\u00a0d\u2019exercer suivant Arr\u00eat\u00e9 N*0002\/MINEFOP\/SG\/DFOP\/SDGSF\/CSACD\/CBAC du 19 Novembre 2021<\/strong><\/p>\n<p><strong>\u00a0<\/strong><\/p>\n<p><strong>Expertises de FEC<\/strong><\/p>\n<p>1- <strong><u>Formation<\/u><\/strong> :<\/p>\n<p>Formation inter et intra entreprises sur des th\u00e8mes diverses en Qualit\u00e9 ; Santee et S\u00e9curit\u00e9 au Travail et Environnement ; (Voir Catalogue de Formation en pi\u00e8ce jointe)<\/p>\n<ul>\n<li>Renforcer les capacit\u00e9s des salari\u00e9s et des personnes d\u00e9sireuses de suivre des Formations Initiales ou Recyclages dans le cadre de leurs Missions ou Carri\u00e8res Professionnelles\u00a0;<\/li>\n<li>Organisation de la Formation en Alternance, Recyclage et Reconversion Professionnelle\u00a0;<\/li>\n<li>Organisation et Mise en \u0152uvre des Programmes de Formations Certifiantes et D\u00e9livrance des Parchemins sous la supervision du MINEFOP.<\/li>\n<li>Formation Lead Impl\u00e9menter Syst\u00e8me de Management ISO 9001, ISO 45001 et ISO 14001 ;<\/li>\n<li>Formation Lead Auditor Syst\u00e8me de Management ISO 9001, ISO 45001 et ISO 14001 ;<\/li>\n<\/ul>\n<p>&nbsp;<\/p>\n<p>2- <strong><u>Conseil<\/u><\/strong> :<\/p>\n<ul>\n<li>R\u00e9alisation des Etats des Lieux et Diagnostics\u00a0Qualit\u00e9 ; Santee et S\u00e9curit\u00e9 au Travail et Environnement ;<\/li>\n<li>Accompagnement \u00e0 la Mise en Place, le Maintient et\u00a0l\u2019am\u00e9lioration\u00a0des Syst\u00e8mes de Management Qualit\u00e9 ; Santee et S\u00e9curit\u00e9 au Travail et Environnement suivant les exigences normatives ISO 9001 ; 14001 et ISO 45\u00a0001 ;<\/li>\n<li><\/li>\n<\/ul>\n<p>&nbsp;<\/p>\n<p>3- <strong><u>Assistance Technique\u00a0<\/u><\/strong><\/p>\n<ul>\n<li>Accompagnement \u00e0 la r\u00e9alisation des Audits de suivit en vue de l\u2019Am\u00e9lioration des Syst\u00e8mes de Management suivant les Exigences Normatives ISO 9001\u00a0: 2015 \/ ISO 14001\u00a0: 2015 &amp; ISO 45001\u00a0: 2018\u00a0;<\/li>\n<li>R\u00e9alisation des Dimensionnements, de la Fourniture, de l\u2019Installation et de la Maintenance des Equipements de Pr\u00e9vention et de Lutte Incendie\u00a0:\n<ul>\n<li>Moyens de d\u00e9tections (D\u00e9tecteurs de Fum\u00e9e, D\u00e9tecteurs de Chaleur, etc.)\u00a0;<\/li>\n<li>Moyens d\u2019Alertes (D\u00e9clencheurs Sonores, Alarmes Incendie\u00a0; Indicateurs d\u2019Actions, etc.)\u00a0;<\/li>\n<li>Moyens de Suppressions (Extincteurs Mobiles et Fixes, Robinets d\u2019Incendies Arm\u00e9es, Poteaux d\u2019Incendies, etc.).<\/li>\n<\/ul>\n<\/li>\n<\/ul>\n<ul>\n<li>R\u00e9alisation des Contr\u00f4les R\u00e9glementaires et V\u00e9rifications G\u00e9n\u00e9rales P\u00e9riodiques VGP de:\n<ul>\n<li>Extincteurs et Robinets d&rsquo;Incendie Arm\u00e9e &#8211; RIA<\/li>\n<li>Accessoires de Levage &amp; Equipements de Levage et Engins de Terrassement<\/li>\n<li>R\u00e9servoir d&rsquo;Air Comprim\u00e9s (Visite Externe, Interne et Test d&rsquo;Epreuve Hydraulique)<\/li>\n<li>Etalonnage des Manom\u00e8tres de Pressions et de Temp\u00e9ratures<\/li>\n<li>Tarage des Soupapes de S\u00e9curit\u00e9s<\/li>\n<\/ul>\n<\/li>\n<\/ul>\n<p>&nbsp;<\/p>\n<ul>\n<li>R\u00e9alisation de la Cartographie des Risques Sp\u00e9cifiques en Entreprise \u00e0 travers un Etat des Lieux et d&rsquo;une d\u00e9tection des Ecarts avec la R\u00e9glementation et la Norme puis Restitution d&rsquo;un Rapport avec propositions de Mise en Conformit\u00e9. Il s&rsquo;agit des Risques Ci dessous<\/li>\n<\/ul>\n<p>&nbsp;<\/p>\n<ul>\n<li style=\"list-style-type: none;\">\n<ul>\n<li>LISTE DES RISQUES SPECIFIQUES EN ENTREPRISE\n<div><\/div>\n<div>RISQUES PROFESSIONNELS PHYSIQUES<\/div>\n<div>1-\u00a0 \u00a0 Risques li\u00e9s \u00e0 l\u2019Eclairage<\/div>\n<div>2-\u00a0 \u00a0 Risques d\u2019Incendie et d\u2019Explosion<\/div>\n<div>3-\u00a0 \u00a0 Risques li\u00e9s au Travail par Fortes Chaleurs<\/div>\n<div>4-\u00a0 \u00a0 Risques Li\u00e9s au Bruit<\/div>\n<div>5-\u00a0 \u00a0 Risques Li\u00e9s aux Ambiances Thermiques (Chaude et Froide)<\/div>\n<div><\/div>\n<div>RISQUES PROFESSIONNELS MECANIQUES<\/div>\n<div>6-\u00a0 \u00a0 Risques Li\u00e9s \u00e0 l\u2019Utilisation des Machines<\/div>\n<div>7-\u00a0 \u00a0 Risques Li\u00e9s \u00e0 la Manutention M\u00e9canique<\/div>\n<div>8-\u00a0 \u00a0 Risques Li\u00e9s \u00e0 la Conduite (Risques Routiers)<\/div>\n<div>9-\u00a0 \u00a0 Risques Li\u00e9s aux Chutes d\u2019Objet<\/div>\n<div>10-\u00a0 \u00a0 Risques Li\u00e9s au Chutes de Hauteur et de Plain Pieds<\/div>\n<div><\/div>\n<div>RISQUES PROFESSIONNELS BIOLOGIQUES<\/div>\n<div>11-\u00a0 \u00a0 Risques Li\u00e9s aux Agents Infectieux<\/div>\n<div><\/div>\n<div>RISQUES PROFESSIONNELS CHIMIQUES<\/div>\n<div>12-\u00a0 \u00a0 Risques Li\u00e9s aux Produits Chimiques<\/div>\n<div>13-\u00a0 \u00a0 Risques Li\u00e9s \u00e0 l\u2019Energie : Electricit\u00e9, Gaz, Air Comprim\u00e9<\/div>\n<div><\/div>\n<div>RISQUES PROFESSIONNELS RADIOLOGIQUES<\/div>\n<div>14-\u00a0 \u00a0 Risques Li\u00e9s aux Rayonnements<\/div>\n<div><\/div>\n<div>RISQUES PROFESSIONNELS PSYCHOLOGIQUE<\/div>\n<div>15-\u00a0 \u00a0 Risques Li\u00e9s \u00e0 l\u2019Organisation du Travail<\/div>\n<div>16-\u00a0 \u00a0 Risques Professionnels de Violence au Travail, d\u2019Agression<\/div>\n<div><\/div>\n<p><img loading=\"lazy\" decoding=\"async\" class=\"alignnone size-medium wp-image-296\" src=\"https:\/\/www.feconsultancy.com\/wp-content\/uploads\/2025\/10\/Image9-Epreuves-Hydrauliques-dun-Cylindre-dExtincteur-121025-225x300.jpg\" alt=\"\" width=\"225\" height=\"300\" srcset=\"https:\/\/www.feconsultancy.com\/wp-content\/uploads\/2025\/10\/Image9-Epreuves-Hydrauliques-dun-Cylindre-dExtincteur-121025-225x300.jpg 225w, https:\/\/www.feconsultancy.com\/wp-content\/uploads\/2025\/10\/Image9-Epreuves-Hydrauliques-dun-Cylindre-dExtincteur-121025-773x1030.jpg 773w, https:\/\/www.feconsultancy.com\/wp-content\/uploads\/2025\/10\/Image9-Epreuves-Hydrauliques-dun-Cylindre-dExtincteur-121025-768x1024.jpg 768w, https:\/\/www.feconsultancy.com\/wp-content\/uploads\/2025\/10\/Image9-Epreuves-Hydrauliques-dun-Cylindre-dExtincteur-121025-529x705.jpg 529w, https:\/\/www.feconsultancy.com\/wp-content\/uploads\/2025\/10\/Image9-Epreuves-Hydrauliques-dun-Cylindre-dExtincteur-121025.jpg 810w\" sizes=\"auto, (max-width: 225px) 100vw, 225px\" \/> <img loading=\"lazy\" decoding=\"async\" class=\"alignnone size-medium wp-image-295\" src=\"https:\/\/www.feconsultancy.com\/wp-content\/uploads\/2025\/10\/Image9-Tarage-des-Soupapes-de-Securites-121025-225x300.jpg\" alt=\"\" width=\"225\" height=\"300\" srcset=\"https:\/\/www.feconsultancy.com\/wp-content\/uploads\/2025\/10\/Image9-Tarage-des-Soupapes-de-Securites-121025-225x300.jpg 225w, https:\/\/www.feconsultancy.com\/wp-content\/uploads\/2025\/10\/Image9-Tarage-des-Soupapes-de-Securites-121025-773x1030.jpg 773w, https:\/\/www.feconsultancy.com\/wp-content\/uploads\/2025\/10\/Image9-Tarage-des-Soupapes-de-Securites-121025-768x1024.jpg 768w, https:\/\/www.feconsultancy.com\/wp-content\/uploads\/2025\/10\/Image9-Tarage-des-Soupapes-de-Securites-121025-529x705.jpg 529w, https:\/\/www.feconsultancy.com\/wp-content\/uploads\/2025\/10\/Image9-Tarage-des-Soupapes-de-Securites-121025.jpg 810w\" sizes=\"auto, (max-width: 225px) 100vw, 225px\" \/><img loading=\"lazy\" decoding=\"async\" class=\"alignnone size-medium wp-image-294\" src=\"https:\/\/www.feconsultancy.com\/wp-content\/uploads\/2025\/10\/Image2-Etalonnage-Manometres-de-Pressions-121025-225x300.jpg\" alt=\"\" width=\"225\" height=\"300\" srcset=\"https:\/\/www.feconsultancy.com\/wp-content\/uploads\/2025\/10\/Image2-Etalonnage-Manometres-de-Pressions-121025-225x300.jpg 225w, https:\/\/www.feconsultancy.com\/wp-content\/uploads\/2025\/10\/Image2-Etalonnage-Manometres-de-Pressions-121025-773x1030.jpg 773w, https:\/\/www.feconsultancy.com\/wp-content\/uploads\/2025\/10\/Image2-Etalonnage-Manometres-de-Pressions-121025-768x1024.jpg 768w, https:\/\/www.feconsultancy.com\/wp-content\/uploads\/2025\/10\/Image2-Etalonnage-Manometres-de-Pressions-121025-529x705.jpg 529w, https:\/\/www.feconsultancy.com\/wp-content\/uploads\/2025\/10\/Image2-Etalonnage-Manometres-de-Pressions-121025.jpg 810w\" sizes=\"auto, (max-width: 225px) 100vw, 225px\" \/><img loading=\"lazy\" decoding=\"async\" class=\"alignnone size-medium wp-image-297\" src=\"https:\/\/www.feconsultancy.com\/wp-content\/uploads\/2025\/10\/Image11-VGP-Chariot-Elevateur-169x300.jpg\" alt=\"\" width=\"169\" height=\"300\" srcset=\"https:\/\/www.feconsultancy.com\/wp-content\/uploads\/2025\/10\/Image11-VGP-Chariot-Elevateur-169x300.jpg 169w, https:\/\/www.feconsultancy.com\/wp-content\/uploads\/2025\/10\/Image11-VGP-Chariot-Elevateur-579x1030.jpg 579w, https:\/\/www.feconsultancy.com\/wp-content\/uploads\/2025\/10\/Image11-VGP-Chariot-Elevateur-396x705.jpg 396w, https:\/\/www.feconsultancy.com\/wp-content\/uploads\/2025\/10\/Image11-VGP-Chariot-Elevateur.jpg 607w\" sizes=\"auto, (max-width: 169px) 100vw, 169px\" \/> <img loading=\"lazy\" decoding=\"async\" class=\"alignnone size-medium wp-image-298\" src=\"https:\/\/www.feconsultancy.com\/wp-content\/uploads\/2025\/10\/Image1-VGP-Chariot-Elevateur-225x300.jpg\" alt=\"\" width=\"225\" height=\"300\" srcset=\"https:\/\/www.feconsultancy.com\/wp-content\/uploads\/2025\/10\/Image1-VGP-Chariot-Elevateur-225x300.jpg 225w, https:\/\/www.feconsultancy.com\/wp-content\/uploads\/2025\/10\/Image1-VGP-Chariot-Elevateur-773x1030.jpg 773w, https:\/\/www.feconsultancy.com\/wp-content\/uploads\/2025\/10\/Image1-VGP-Chariot-Elevateur-768x1024.jpg 768w, https:\/\/www.feconsultancy.com\/wp-content\/uploads\/2025\/10\/Image1-VGP-Chariot-Elevateur-529x705.jpg 529w, https:\/\/www.feconsultancy.com\/wp-content\/uploads\/2025\/10\/Image1-VGP-Chariot-Elevateur.jpg 810w\" sizes=\"auto, (max-width: 225px) 100vw, 225px\" \/> \u00a0\u00a0<img loading=\"lazy\" decoding=\"async\" class=\"alignnone size-medium wp-image-301\" src=\"https:\/\/www.feconsultancy.com\/wp-content\/uploads\/2025\/10\/Image4-VGP-Chariot-Elevateur-169x300.jpg\" alt=\"\" width=\"169\" height=\"300\" srcset=\"https:\/\/www.feconsultancy.com\/wp-content\/uploads\/2025\/10\/Image4-VGP-Chariot-Elevateur-169x300.jpg 169w, https:\/\/www.feconsultancy.com\/wp-content\/uploads\/2025\/10\/Image4-VGP-Chariot-Elevateur-579x1030.jpg 579w, https:\/\/www.feconsultancy.com\/wp-content\/uploads\/2025\/10\/Image4-VGP-Chariot-Elevateur-396x705.jpg 396w, https:\/\/www.feconsultancy.com\/wp-content\/uploads\/2025\/10\/Image4-VGP-Chariot-Elevateur.jpg 607w\" sizes=\"auto, (max-width: 169px) 100vw, 169px\" \/> <img loading=\"lazy\" decoding=\"async\" class=\"alignnone size-medium wp-image-302\" src=\"https:\/\/www.feconsultancy.com\/wp-content\/uploads\/2025\/10\/Image5-VGP-Chariot-Elevateur-169x300.jpg\" alt=\"\" width=\"169\" height=\"300\" srcset=\"https:\/\/www.feconsultancy.com\/wp-content\/uploads\/2025\/10\/Image5-VGP-Chariot-Elevateur-169x300.jpg 169w, https:\/\/www.feconsultancy.com\/wp-content\/uploads\/2025\/10\/Image5-VGP-Chariot-Elevateur-579x1030.jpg 579w, https:\/\/www.feconsultancy.com\/wp-content\/uploads\/2025\/10\/Image5-VGP-Chariot-Elevateur-396x705.jpg 396w, https:\/\/www.feconsultancy.com\/wp-content\/uploads\/2025\/10\/Image5-VGP-Chariot-Elevateur.jpg 607w\" sizes=\"auto, (max-width: 169px) 100vw, 169px\" \/><\/li>\n<\/ul>\n<\/li>\n<\/ul>\n","protected":false},"excerpt":{"rendered":"<p>Free Engineering Consultancy FEC est un bureau d\u2019\u00e9tude Camerounais d\u00fbment inscrit dans les registres du tribunal de grande instance de Bonanjo \u2013 Douala sous le registre de Commerce RC N* A\/033328 ; &nbsp; FEC est inscrit dans les livres de l\u2019administration fiscale sous le num\u00e9ro contribuable P0168003009415 \u2013 R\u00e9gime R\u00e9el ; &nbsp; Situ\u00e9 en plein [&hellip;]<\/p>\n","protected":false},"author":1,"featured_media":0,"parent":0,"menu_order":0,"comment_status":"closed","ping_status":"closed","template":"","meta":{"footnotes":""},"class_list":["post-53","page","type-page","status-publish","hentry"],"yoast_head":"<!-- This site is optimized with the Yoast SEO plugin v27.4 - https:\/\/yoast.com\/product\/yoast-seo-wordpress\/ -->\n<title>A PROPOS DE FREE ENGINEERING CONSULTANCY (FEC) - Free Engineering Consultancy<\/title>\n<meta name=\"robots\" content=\"index, follow, max-snippet:-1, max-image-preview:large, max-video-preview:-1\" \/>\n<link rel=\"canonical\" href=\"https:\/\/www.feconsultancy.com\/index.php\/a-propos-de-fec\/\" \/>\n<meta property=\"og:locale\" content=\"fr_FR\" \/>\n<meta property=\"og:type\" content=\"article\" \/>\n<meta property=\"og:title\" content=\"A PROPOS DE FREE ENGINEERING CONSULTANCY (FEC) - Free Engineering Consultancy\" \/>\n<meta property=\"og:description\" content=\"Free Engineering Consultancy FEC est un bureau d\u2019\u00e9tude Camerounais d\u00fbment inscrit dans les registres du tribunal de grande instance de Bonanjo \u2013 Douala sous le registre de Commerce RC N* A\/033328 ; &nbsp; FEC est inscrit dans les livres de l\u2019administration fiscale sous le num\u00e9ro contribuable P0168003009415 \u2013 R\u00e9gime R\u00e9el ; &nbsp; Situ\u00e9 en plein [&hellip;]\" \/>\n<meta property=\"og:url\" content=\"https:\/\/www.feconsultancy.com\/index.php\/a-propos-de-fec\/\" \/>\n<meta property=\"og:site_name\" content=\"Free Engineering Consultancy\" \/>\n<meta property=\"article:publisher\" content=\"https:\/\/www.facebook.com\/freengineeringconsultancy\/?fref=ts\" \/>\n<meta property=\"article:modified_time\" content=\"2025-10-12T16:36:48+00:00\" \/>\n<meta property=\"og:image\" content=\"https:\/\/www.feconsultancy.com\/wp-content\/uploads\/2025\/10\/Image9-Epreuves-Hydrauliques-dun-Cylindre-dExtincteur-121025.jpg\" \/>\n\t<meta property=\"og:image:width\" content=\"810\" \/>\n\t<meta property=\"og:image:height\" content=\"1080\" \/>\n\t<meta property=\"og:image:type\" content=\"image\/jpeg\" \/>\n<meta name=\"twitter:card\" content=\"summary_large_image\" \/>\n<meta name=\"twitter:label1\" content=\"Dur\u00e9e de lecture estim\u00e9e\" \/>\n\t<meta name=\"twitter:data1\" content=\"7 minutes\" \/>\n<script type=\"application\/ld+json\" class=\"yoast-schema-graph\">{\"@context\":\"https:\\\/\\\/schema.org\",\"@graph\":[{\"@type\":\"WebPage\",\"@id\":\"https:\\\/\\\/www.feconsultancy.com\\\/index.php\\\/a-propos-de-fec\\\/\",\"url\":\"https:\\\/\\\/www.feconsultancy.com\\\/index.php\\\/a-propos-de-fec\\\/\",\"name\":\"A PROPOS DE FREE ENGINEERING CONSULTANCY (FEC) - Free Engineering Consultancy\",\"isPartOf\":{\"@id\":\"https:\\\/\\\/www.feconsultancy.com\\\/#website\"},\"primaryImageOfPage\":{\"@id\":\"https:\\\/\\\/www.feconsultancy.com\\\/index.php\\\/a-propos-de-fec\\\/#primaryimage\"},\"image\":{\"@id\":\"https:\\\/\\\/www.feconsultancy.com\\\/index.php\\\/a-propos-de-fec\\\/#primaryimage\"},\"thumbnailUrl\":\"https:\\\/\\\/www.feconsultancy.com\\\/wp-content\\\/uploads\\\/2025\\\/10\\\/Image9-Epreuves-Hydrauliques-dun-Cylindre-dExtincteur-121025-225x300.jpg\",\"datePublished\":\"2016-07-25T16:27:56+00:00\",\"dateModified\":\"2025-10-12T16:36:48+00:00\",\"breadcrumb\":{\"@id\":\"https:\\\/\\\/www.feconsultancy.com\\\/index.php\\\/a-propos-de-fec\\\/#breadcrumb\"},\"inLanguage\":\"fr-FR\",\"potentialAction\":[{\"@type\":\"ReadAction\",\"target\":[\"https:\\\/\\\/www.feconsultancy.com\\\/index.php\\\/a-propos-de-fec\\\/\"]}]},{\"@type\":\"ImageObject\",\"inLanguage\":\"fr-FR\",\"@id\":\"https:\\\/\\\/www.feconsultancy.com\\\/index.php\\\/a-propos-de-fec\\\/#primaryimage\",\"url\":\"https:\\\/\\\/www.feconsultancy.com\\\/wp-content\\\/uploads\\\/2025\\\/10\\\/Image9-Epreuves-Hydrauliques-dun-Cylindre-dExtincteur-121025.jpg\",\"contentUrl\":\"https:\\\/\\\/www.feconsultancy.com\\\/wp-content\\\/uploads\\\/2025\\\/10\\\/Image9-Epreuves-Hydrauliques-dun-Cylindre-dExtincteur-121025.jpg\",\"width\":810,\"height\":1080},{\"@type\":\"BreadcrumbList\",\"@id\":\"https:\\\/\\\/www.feconsultancy.com\\\/index.php\\\/a-propos-de-fec\\\/#breadcrumb\",\"itemListElement\":[{\"@type\":\"ListItem\",\"position\":1,\"name\":\"Accueil\",\"item\":\"https:\\\/\\\/www.feconsultancy.com\\\/index.php\\\/accueil\\\/\"},{\"@type\":\"ListItem\",\"position\":2,\"name\":\"A PROPOS DE FREE ENGINEERING CONSULTANCY (FEC)\"}]},{\"@type\":\"WebSite\",\"@id\":\"https:\\\/\\\/www.feconsultancy.com\\\/#website\",\"url\":\"https:\\\/\\\/www.feconsultancy.com\\\/\",\"name\":\"Free Engineering Consultancy\",\"description\":\"Conseil, la Formation et l\u2019Assistance Technique en Qualit\u00e9, S\u00e9curit\u00e9 &amp; Environnement\",\"potentialAction\":[{\"@type\":\"SearchAction\",\"target\":{\"@type\":\"EntryPoint\",\"urlTemplate\":\"https:\\\/\\\/www.feconsultancy.com\\\/?s={search_term_string}\"},\"query-input\":{\"@type\":\"PropertyValueSpecification\",\"valueRequired\":true,\"valueName\":\"search_term_string\"}}],\"inLanguage\":\"fr-FR\"}]}<\/script>\n<!-- \/ Yoast SEO plugin. -->","yoast_head_json":{"title":"A PROPOS DE FREE ENGINEERING CONSULTANCY (FEC) - Free Engineering Consultancy","robots":{"index":"index","follow":"follow","max-snippet":"max-snippet:-1","max-image-preview":"max-image-preview:large","max-video-preview":"max-video-preview:-1"},"canonical":"https:\/\/www.feconsultancy.com\/index.php\/a-propos-de-fec\/","og_locale":"fr_FR","og_type":"article","og_title":"A PROPOS DE FREE ENGINEERING CONSULTANCY (FEC) - Free Engineering Consultancy","og_description":"Free Engineering Consultancy FEC est un bureau d\u2019\u00e9tude Camerounais d\u00fbment inscrit dans les registres du tribunal de grande instance de Bonanjo \u2013 Douala sous le registre de Commerce RC N* A\/033328 ; &nbsp; FEC est inscrit dans les livres de l\u2019administration fiscale sous le num\u00e9ro contribuable P0168003009415 \u2013 R\u00e9gime R\u00e9el ; &nbsp; Situ\u00e9 en plein [&hellip;]","og_url":"https:\/\/www.feconsultancy.com\/index.php\/a-propos-de-fec\/","og_site_name":"Free Engineering Consultancy","article_publisher":"https:\/\/www.facebook.com\/freengineeringconsultancy\/?fref=ts","article_modified_time":"2025-10-12T16:36:48+00:00","og_image":[{"width":810,"height":1080,"url":"https:\/\/www.feconsultancy.com\/wp-content\/uploads\/2025\/10\/Image9-Epreuves-Hydrauliques-dun-Cylindre-dExtincteur-121025.jpg","type":"image\/jpeg"}],"twitter_card":"summary_large_image","twitter_misc":{"Dur\u00e9e de lecture estim\u00e9e":"7 minutes"},"schema":{"@context":"https:\/\/schema.org","@graph":[{"@type":"WebPage","@id":"https:\/\/www.feconsultancy.com\/index.php\/a-propos-de-fec\/","url":"https:\/\/www.feconsultancy.com\/index.php\/a-propos-de-fec\/","name":"A PROPOS DE FREE ENGINEERING CONSULTANCY (FEC) - Free Engineering Consultancy","isPartOf":{"@id":"https:\/\/www.feconsultancy.com\/#website"},"primaryImageOfPage":{"@id":"https:\/\/www.feconsultancy.com\/index.php\/a-propos-de-fec\/#primaryimage"},"image":{"@id":"https:\/\/www.feconsultancy.com\/index.php\/a-propos-de-fec\/#primaryimage"},"thumbnailUrl":"https:\/\/www.feconsultancy.com\/wp-content\/uploads\/2025\/10\/Image9-Epreuves-Hydrauliques-dun-Cylindre-dExtincteur-121025-225x300.jpg","datePublished":"2016-07-25T16:27:56+00:00","dateModified":"2025-10-12T16:36:48+00:00","breadcrumb":{"@id":"https:\/\/www.feconsultancy.com\/index.php\/a-propos-de-fec\/#breadcrumb"},"inLanguage":"fr-FR","potentialAction":[{"@type":"ReadAction","target":["https:\/\/www.feconsultancy.com\/index.php\/a-propos-de-fec\/"]}]},{"@type":"ImageObject","inLanguage":"fr-FR","@id":"https:\/\/www.feconsultancy.com\/index.php\/a-propos-de-fec\/#primaryimage","url":"https:\/\/www.feconsultancy.com\/wp-content\/uploads\/2025\/10\/Image9-Epreuves-Hydrauliques-dun-Cylindre-dExtincteur-121025.jpg","contentUrl":"https:\/\/www.feconsultancy.com\/wp-content\/uploads\/2025\/10\/Image9-Epreuves-Hydrauliques-dun-Cylindre-dExtincteur-121025.jpg","width":810,"height":1080},{"@type":"BreadcrumbList","@id":"https:\/\/www.feconsultancy.com\/index.php\/a-propos-de-fec\/#breadcrumb","itemListElement":[{"@type":"ListItem","position":1,"name":"Accueil","item":"https:\/\/www.feconsultancy.com\/index.php\/accueil\/"},{"@type":"ListItem","position":2,"name":"A PROPOS DE FREE ENGINEERING CONSULTANCY (FEC)"}]},{"@type":"WebSite","@id":"https:\/\/www.feconsultancy.com\/#website","url":"https:\/\/www.feconsultancy.com\/","name":"Free Engineering Consultancy","description":"Conseil, la Formation et l\u2019Assistance Technique en Qualit\u00e9, S\u00e9curit\u00e9 &amp; Environnement","potentialAction":[{"@type":"SearchAction","target":{"@type":"EntryPoint","urlTemplate":"https:\/\/www.feconsultancy.com\/?s={search_term_string}"},"query-input":{"@type":"PropertyValueSpecification","valueRequired":true,"valueName":"search_term_string"}}],"inLanguage":"fr-FR"}]}},"_links":{"self":[{"href":"https:\/\/www.feconsultancy.com\/index.php\/wp-json\/wp\/v2\/pages\/53","targetHints":{"allow":["GET"]}}],"collection":[{"href":"https:\/\/www.feconsultancy.com\/index.php\/wp-json\/wp\/v2\/pages"}],"about":[{"href":"https:\/\/www.feconsultancy.com\/index.php\/wp-json\/wp\/v2\/types\/page"}],"author":[{"embeddable":true,"href":"https:\/\/www.feconsultancy.com\/index.php\/wp-json\/wp\/v2\/users\/1"}],"replies":[{"embeddable":true,"href":"https:\/\/www.feconsultancy.com\/index.php\/wp-json\/wp\/v2\/comments?post=53"}],"version-history":[{"count":5,"href":"https:\/\/www.feconsultancy.com\/index.php\/wp-json\/wp\/v2\/pages\/53\/revisions"}],"predecessor-version":[{"id":520,"href":"https:\/\/www.feconsultancy.com\/index.php\/wp-json\/wp\/v2\/pages\/53\/revisions\/520"}],"wp:attachment":[{"href":"https:\/\/www.feconsultancy.com\/index.php\/wp-json\/wp\/v2\/media?parent=53"}],"curies":[{"name":"wp","href":"https:\/\/api.w.org\/{rel}","templated":true}]}}